{"id":7455,"date":"2024-07-22T10:23:31","date_gmt":"2024-07-22T08:23:31","guid":{"rendered":"https:\/\/business.onoff.app\/?page_id=7455"},"modified":"2024-07-22T10:31:28","modified_gmt":"2024-07-22T08:31:28","slug":"billingmanager-adv","status":"publish","type":"page","link":"https:\/\/business.onoff.app\/fr\/ressources\/carrieres\/billingmanager-adv\/","title":{"rendered":"Billing Manager &#8211; ADV"},"content":{"rendered":"\t\t<div data-elementor-type=\"wp-page\" data-elementor-id=\"7455\" class=\"elementor elementor-7455\" data-elementor-post-type=\"page\">\n\t\t\t\t\t\t<section class=\"elementor-section elementor-top-section elementor-element elementor-element-bb101fb elementor-section-content-middle elementor-section-boxed elementor-section-height-default elementor-section-height-default wpr-particle-no wpr-jarallax-no wpr-parallax-no wpr-sticky-section-no\" data-id=\"bb101fb\" data-element_type=\"section\" data-settings=\"{&quot;shape_divider_bottom&quot;:&quot;curve&quot;}\">\n\t\t\t\t\t\t\t<div class=\"elementor-background-overlay\"><\/div>\n\t\t\t\t\t\t<div class=\"elementor-shape elementor-shape-bottom\" data-negative=\"false\">\n\t\t\t<svg xmlns=\"http:\/\/www.w3.org\/2000\/svg\" viewBox=\"0 0 1000 100\" preserveAspectRatio=\"none\">\n    <path class=\"elementor-shape-fill\" d=\"M1000,4.3V0H0v4.3C0.9,23.1,126.7,99.2,500,100S1000,22.7,1000,4.3z\"\/>\n<\/svg>\t\t<\/div>\n\t\t\t\t\t<div class=\"elementor-container elementor-column-gap-default\">\n\t\t\t\t\t<div class=\"elementor-column elementor-col-100 elementor-top-column elementor-element elementor-element-12b1dd9\" data-id=\"12b1dd9\" data-element_type=\"column\">\n\t\t\t<div class=\"elementor-widget-wrap elementor-element-populated\">\n\t\t\t\t\t\t<div class=\"elementor-element elementor-element-3960c72 elementor-widget elementor-widget-text-editor\" data-id=\"3960c72\" data-element_type=\"widget\" data-widget_type=\"text-editor.default\">\n\t\t\t\t<div class=\"elementor-widget-container\">\n\t\t\t\t\t\t\t\t\t<p style=\"text-align: center;\"><a style=\"color: #2dd08c;\" href=\"https:\/\/business.onoff.app\/fr\/ressources\">RESSOURCES<\/a> &gt; <a style=\"color: #2dd08c;\" href=\"https:\/\/business.onoff.app\/fr\/ressources\/carri\u00e8res\">CARRI\u00c8RES<\/a><\/p>\t\t\t\t\t\t\t\t<\/div>\n\t\t\t\t<\/div>\n\t\t\t\t<div class=\"elementor-element elementor-element-d923d7e elementor-widget elementor-widget-heading\" data-id=\"d923d7e\" data-element_type=\"widget\" data-widget_type=\"heading.default\">\n\t\t\t\t<div class=\"elementor-widget-container\">\n\t\t\t\t\t<h1 class=\"elementor-heading-title elementor-size-default\">Billing Manager \/ ADV<\/h1>\t\t\t\t<\/div>\n\t\t\t\t<\/div>\n\t\t\t\t\t<\/div>\n\t\t<\/div>\n\t\t\t\t\t<\/div>\n\t\t<\/section>\n\t\t\t\t<section class=\"elementor-section elementor-top-section elementor-element elementor-element-99b8e00 elementor-section-boxed elementor-section-height-default elementor-section-height-default wpr-particle-no wpr-jarallax-no wpr-parallax-no wpr-sticky-section-no\" data-id=\"99b8e00\" data-element_type=\"section\">\n\t\t\t\t\t\t<div class=\"elementor-container elementor-column-gap-default\">\n\t\t\t\t\t<div class=\"elementor-column elementor-col-16 elementor-top-column elementor-element elementor-element-4ab27e2\" data-id=\"4ab27e2\" data-element_type=\"column\">\n\t\t\t<div class=\"elementor-widget-wrap\">\n\t\t\t\t\t\t\t<\/div>\n\t\t<\/div>\n\t\t\t\t<div class=\"elementor-column elementor-col-66 elementor-top-column elementor-element elementor-element-3fa529d\" data-id=\"3fa529d\" data-element_type=\"column\">\n\t\t\t<div class=\"elementor-widget-wrap elementor-element-populated\">\n\t\t\t\t\t\t<div class=\"elementor-element elementor-element-34d2a28 elementor-widget elementor-widget-heading\" data-id=\"34d2a28\" data-element_type=\"widget\" data-widget_type=\"heading.default\">\n\t\t\t\t<div class=\"elementor-widget-container\">\n\t\t\t\t\t<h3 class=\"elementor-heading-title elementor-size-default\">Onoff<\/h3>\t\t\t\t<\/div>\n\t\t\t\t<\/div>\n\t\t\t\t<div class=\"elementor-element elementor-element-189a702 elementor-widget elementor-widget-text-editor\" data-id=\"189a702\" data-element_type=\"widget\" data-widget_type=\"text-editor.default\">\n\t\t\t\t<div class=\"elementor-widget-container\">\n\t\t\t\t\t\t\t\t\t<p><span style=\"font-weight: 400;\">Nous pensons que la t\u00e9l\u00e9phonie d\u2019entreprise doit \u00eatre simple et intuitive !<\/span><\/p><p><span style=\"font-weight: 400;\">Comment faisons-nous cela ? En fournissant des solutions de communication ultramodernes, vous permettant d\u2019optimiser vos appels professionnels au quotidien.<\/span><\/p><p><span style=\"font-weight: 400;\">Onoff Telecom est une entreprise SaaS de t\u00e9l\u00e9phonie professionnelle en pleine croissance, qui propose des solutions de communication aux entreprises du monde entier. Nous travaillons dur pour offrir un syst\u00e8me de communication bas\u00e9 sur le cloud, facile \u00e0 utiliser, et connect\u00e9 \u00e0 vos outils pr\u00e9f\u00e9r\u00e9s.<\/span><\/p><p><span style=\"font-weight: 400;\">Notre \u00e9quipe de 100 passionn\u00e9s travaille partout dans le monde, au sein de nos bureaux de Paris et Tallinn. Nous offrons \u00e0 nos employ\u00e9s un environnement o\u00f9 ils peuvent grandir et s&#8217;\u00e9panouir en m\u00eame temps que l&#8217;entreprise<\/span><span style=\"font-weight: 400;\">\u00a0!<\/span><\/p>\t\t\t\t\t\t\t\t<\/div>\n\t\t\t\t<\/div>\n\t\t\t\t\t<\/div>\n\t\t<\/div>\n\t\t\t\t<div class=\"elementor-column elementor-col-16 elementor-top-column elementor-element elementor-element-30149a3\" data-id=\"30149a3\" data-element_type=\"column\">\n\t\t\t<div class=\"elementor-widget-wrap\">\n\t\t\t\t\t\t\t<\/div>\n\t\t<\/div>\n\t\t\t\t\t<\/div>\n\t\t<\/section>\n\t\t\t\t<section class=\"elementor-section elementor-top-section elementor-element elementor-element-7a0857f elementor-section-boxed elementor-section-height-default elementor-section-height-default wpr-particle-no wpr-jarallax-no wpr-parallax-no wpr-sticky-section-no\" data-id=\"7a0857f\" data-element_type=\"section\">\n\t\t\t\t\t\t<div class=\"elementor-container elementor-column-gap-default\">\n\t\t\t\t\t<div class=\"elementor-column elementor-col-100 elementor-top-column elementor-element elementor-element-1818b17\" data-id=\"1818b17\" data-element_type=\"column\" data-settings=\"{&quot;background_background&quot;:&quot;classic&quot;}\">\n\t\t\t<div class=\"elementor-widget-wrap elementor-element-populated\">\n\t\t\t\t\t\t<section class=\"elementor-section elementor-inner-section elementor-element elementor-element-d0a6416 elementor-reverse-mobile elementor-section-boxed elementor-section-height-default elementor-section-height-default wpr-particle-no wpr-jarallax-no wpr-parallax-no wpr-sticky-section-no\" data-id=\"d0a6416\" data-element_type=\"section\">\n\t\t\t\t\t\t<div class=\"elementor-container elementor-column-gap-default\">\n\t\t\t\t\t<div class=\"elementor-column elementor-col-100 elementor-inner-column elementor-element elementor-element-98fb7aa\" data-id=\"98fb7aa\" data-element_type=\"column\">\n\t\t\t<div class=\"elementor-widget-wrap elementor-element-populated\">\n\t\t\t\t\t\t<div class=\"elementor-element elementor-element-b03e7bf elementor-widget elementor-widget-heading\" data-id=\"b03e7bf\" data-element_type=\"widget\" data-widget_type=\"heading.default\">\n\t\t\t\t<div class=\"elementor-widget-container\">\n\t\t\t\t\t<h2 class=\"elementor-heading-title elementor-size-default\">Le poste<\/h2>\t\t\t\t<\/div>\n\t\t\t\t<\/div>\n\t\t\t\t<div class=\"elementor-element elementor-element-b587973 elementor-widget elementor-widget-text-editor\" data-id=\"b587973\" data-element_type=\"widget\" data-widget_type=\"text-editor.default\">\n\t\t\t\t<div class=\"elementor-widget-container\">\n\t\t\t\t\t\t\t\t\t<section data-testid=\"job-section-description\">\n<p><span style=\"letter-spacing: -0.8px; background-color: var( --e-global-color-5710627 );\">Rattach\u00e9 au directeur financier, vous \u00eates le garant du revenu et intervenez comme le principal point de contact vis-\u00e0-vis des \u00e9quipes commerciales et supports pour toute probl\u00e9matique de facturation et de recouvrement \ud83d\udc4d<\/span><br><\/p>\n<p><\/p>\n<p><b>Vos principales missions seront :&nbsp;<\/b><\/p>\n<p><\/p>\n<p><span style=\"font-weight: 400;\">&#8211; Validation des comptes clients et optimisation du processus KYB<\/span><\/p>\n<p><span style=\"font-weight: 400;\">&#8211; Assurer l&#8217;ad\u00e9quation entre la facturation et les contrats \u00e9tablis par les \u00e9quipes commerciales<\/span><\/p>\n<p><span style=\"font-weight: 400;\">&#8211; Etre l&#8217;interlocuteur des clients B2B en cas de probl\u00e9matiques de paiement<\/span><\/p>\n<p><span style=\"font-weight: 400;\">&#8211; Gestion des recouvrement (Upflow) en partenariat avec les account managers<\/span><\/p>\n<p><span style=\"font-weight: 400;\">&#8211; Analyse mensuelle des ventes MRR (mensuelle, vs Budget&#8230;)<\/span><\/p>\n<p><span style=\"font-weight: 400;\">&#8211; Calcul des bonus des commerciaux<\/span><\/p>\n<p><span style=\"font-weight: 400;\">&#8211; Gestion et revue du portefeuille client<\/span><\/p>\n<p><span style=\"font-weight: 400;\">&#8211; \u00c9change en direct avec les clients sur les probl\u00e9matiques de paiement&nbsp;<\/span><\/p>\n<p><span style=\"font-weight: 400;\">&#8211; Optimisation des processus ventes<\/span><\/p>\n<p><span style=\"font-weight: 400;\">&#8211; Pr\u00e9vention et gestion de la fraude&nbsp;<\/span><\/p><p><span style=\"font-weight: 400;\"><br><\/span><\/p>\n<p><\/p>\n<p><b>Infos compl\u00e9mentaires&nbsp;<\/b><\/p>\n<ul>\n<li style=\"font-weight: 400;\" aria-level=\"1\"><span style=\"font-weight: 400;\">Temps plein, CDI<\/span><\/li>\n<li style=\"font-weight: 400;\" aria-level=\"1\"><span style=\"font-weight: 400;\">Localisation: Paris<\/span><\/li>\n<\/ul><div><br><\/div>\n<p><b>Le profil recherch\u00e9<\/b><\/p>\n<p><\/p>\n<ul>\n<li style=\"font-weight: 400;\" aria-level=\"1\"><span style=\"font-weight: 400;\">3-7 d&#8217;exp\u00e9rience en ADV<\/span><\/li>\n<li style=\"font-weight: 400;\" aria-level=\"1\"><span style=\"font-weight: 400;\">Vous \u00eates tr\u00e8s organis\u00e9(e) et dot\u00e9(e) d&#8217;un bon relationnel<\/span><\/li>\n<li style=\"font-weight: 400;\" aria-level=\"1\"><span style=\"font-weight: 400;\">Vous savez prendre des initiatives et g\u00e9rer les priorit\u00e9s<\/span><\/li>\n<li style=\"font-weight: 400;\" aria-level=\"1\"><span style=\"font-weight: 400;\">Vous \u00eates \u00e0 l&#8217;aise avec les outils informatiques (Upflow, Chargebee, Gocardless, Checkout\u2026)<\/span><\/li>\n<li style=\"font-weight: 400;\" aria-level=\"1\"><span style=\"font-weight: 400;\">Vous appr\u00e9ciez travailler en \u00e9quipe, vous avez le sens du service client<\/span><\/li>\n<li style=\"font-weight: 400;\" aria-level=\"1\"><span style=\"font-weight: 400;\">Vous parlez couramment anglais<\/span><\/li>\n<\/ul>\n<\/section>\t\t\t\t\t\t\t\t<\/div>\n\t\t\t\t<\/div>\n\t\t\t\t\t<\/div>\n\t\t<\/div>\n\t\t\t\t\t<\/div>\n\t\t<\/section>\n\t\t\t\t\t<\/div>\n\t\t<\/div>\n\t\t\t\t\t<\/div>\n\t\t<\/section>\n\t\t\t\t<section class=\"elementor-section elementor-top-section elementor-element elementor-element-dcb1761 elementor-section-boxed elementor-section-height-default elementor-section-height-default wpr-particle-no wpr-jarallax-no wpr-parallax-no wpr-sticky-section-no\" data-id=\"dcb1761\" data-element_type=\"section\">\n\t\t\t\t\t\t<div class=\"elementor-container elementor-column-gap-default\">\n\t\t\t\t\t<div class=\"elementor-column elementor-col-100 elementor-top-column elementor-element elementor-element-36eeace\" data-id=\"36eeace\" data-element_type=\"column\">\n\t\t\t<div class=\"elementor-widget-wrap\">\n\t\t\t\t\t\t\t<\/div>\n\t\t<\/div>\n\t\t\t\t\t<\/div>\n\t\t<\/section>\n\t\t\t\t<section class=\"elementor-section elementor-top-section elementor-element elementor-element-3d55368 elementor-section-boxed elementor-section-height-default elementor-section-height-default wpr-particle-no wpr-jarallax-no wpr-parallax-no wpr-sticky-section-no\" data-id=\"3d55368\" data-element_type=\"section\">\n\t\t\t\t\t\t<div class=\"elementor-container elementor-column-gap-default\">\n\t\t\t\t\t<div class=\"elementor-column elementor-col-100 elementor-top-column elementor-element elementor-element-6d8db6e\" data-id=\"6d8db6e\" data-element_type=\"column\">\n\t\t\t<div class=\"elementor-widget-wrap elementor-element-populated\">\n\t\t\t\t\t\t<div class=\"elementor-element elementor-element-76f267b elementor-widget elementor-widget-heading\" data-id=\"76f267b\" data-element_type=\"widget\" data-widget_type=\"heading.default\">\n\t\t\t\t<div class=\"elementor-widget-container\">\n\t\t\t\t\t<h2 class=\"elementor-heading-title elementor-size-default\">Envie de rejoindre l'aventure Onoff ?<\/h2>\t\t\t\t<\/div>\n\t\t\t\t<\/div>\n\t\t\t\t<div class=\"elementor-element elementor-element-09b0797 elementor-widget elementor-widget-text-editor\" data-id=\"09b0797\" data-element_type=\"widget\" data-widget_type=\"text-editor.default\">\n\t\t\t\t<div class=\"elementor-widget-container\">\n\t\t\t\t\t\t\t\t\t<p>Pour postuler clique ci-dessous et envoi nous ton CV par email.<\/p>\t\t\t\t\t\t\t\t<\/div>\n\t\t\t\t<\/div>\n\t\t\t\t<div class=\"elementor-element elementor-element-115270d elementor-align-center elementor-widget elementor-widget-button\" data-id=\"115270d\" data-element_type=\"widget\" data-widget_type=\"button.default\">\n\t\t\t\t<div class=\"elementor-widget-container\">\n\t\t\t\t\t\t\t\t\t<div class=\"elementor-button-wrapper\">\n\t\t\t\t\t<a class=\"elementor-button elementor-button-link elementor-size-md\" href=\"mailto:recrutement@onoffapp.com\">\n\t\t\t\t\t\t<span class=\"elementor-button-content-wrapper\">\n\t\t\t\t\t\t\t\t\t<span class=\"elementor-button-text\">Postuler<\/span>\n\t\t\t\t\t<\/span>\n\t\t\t\t\t<\/a>\n\t\t\t\t<\/div>\n\t\t\t\t\t\t\t\t<\/div>\n\t\t\t\t<\/div>\n\t\t\t\t\t<\/div>\n\t\t<\/div>\n\t\t\t\t\t<\/div>\n\t\t<\/section>\n\t\t\t\t<\/div>\n\t\t","protected":false},"excerpt":{"rendered":"<p>RESSOURCES &gt; CARRI\u00c8RES Billing Manager \/ ADV Onoff Nous pensons que la t\u00e9l\u00e9phonie d\u2019entreprise doit \u00eatre simple et intuitive ! Comment faisons-nous cela ? En fournissant des solutions de communication ultramodernes, vous permettant d\u2019optimiser vos appels professionnels au quotidien. Onoff Telecom est une entreprise SaaS de t\u00e9l\u00e9phonie professionnelle en pleine croissance, qui propose des solutions [&hellip;]<\/p>\n","protected":false},"author":10,"featured_media":2689,"parent":6190,"menu_order":0,"comment_status":"closed","ping_status":"closed","template":"","meta":{"content-type":"","footnotes":""},"class_list":["post-7455","page","type-page","status-publish","has-post-thumbnail","hentry"],"yoast_head":"<!-- This site is optimized with the Yoast SEO plugin v25.5 - https:\/\/yoast.com\/wordpress\/plugins\/seo\/ -->\n<title>Billing Manager - ADV | Onoff Business<\/title>\n<meta name=\"description\" content=\"Rattach\u00e9 au directeur financier, vous \u00eates le garant du revenu et intervenez comme le principal point de contact vis-\u00e0-vis des \u00e9quipes commerciales...\" \/>\n<meta name=\"robots\" content=\"index, follow, max-snippet:-1, max-image-preview:large, max-video-preview:-1\" \/>\n<link rel=\"canonical\" href=\"https:\/\/business.onoff.app\/fr\/ressources\/carrieres\/billingmanager-adv\/\" \/>\n<meta property=\"og:locale\" content=\"fr_FR\" \/>\n<meta property=\"og:type\" content=\"article\" \/>\n<meta property=\"og:title\" content=\"Billing Manager - ADV | Onoff Business\" \/>\n<meta property=\"og:description\" content=\"Rattach\u00e9 au directeur financier, vous \u00eates le garant du revenu et intervenez comme le principal point de contact vis-\u00e0-vis des \u00e9quipes commerciales...\" \/>\n<meta property=\"og:url\" content=\"https:\/\/business.onoff.app\/fr\/ressources\/carrieres\/billingmanager-adv\/\" \/>\n<meta property=\"article:modified_time\" content=\"2024-07-22T08:31:28+00:00\" \/>\n<meta property=\"og:image\" content=\"https:\/\/business.onoff.app\/wp-content\/uploads\/2021\/11\/adaptation.png\" \/>\n\t<meta property=\"og:image:width\" content=\"570\" \/>\n\t<meta property=\"og:image:height\" content=\"529\" \/>\n\t<meta property=\"og:image:type\" content=\"image\/png\" \/>\n<meta name=\"twitter:card\" content=\"summary_large_image\" \/>\n<meta name=\"twitter:label1\" content=\"Dur\u00e9e de lecture estim\u00e9e\" \/>\n\t<meta name=\"twitter:data1\" content=\"2 minutes\" \/>\n<script type=\"application\/ld+json\" class=\"yoast-schema-graph\">{\"@context\":\"https:\/\/schema.org\",\"@graph\":[{\"@type\":\"WebPage\",\"@id\":\"https:\/\/business.onoff.app\/fr\/ressources\/carrieres\/billingmanager-adv\/\",\"url\":\"https:\/\/business.onoff.app\/fr\/ressources\/carrieres\/billingmanager-adv\/\",\"name\":\"Billing Manager - ADV | Onoff Business\",\"isPartOf\":{\"@id\":\"https:\/\/business.onoff.app\/fr\/#website\"},\"primaryImageOfPage\":{\"@id\":\"https:\/\/business.onoff.app\/fr\/ressources\/carrieres\/billingmanager-adv\/#primaryimage\"},\"image\":{\"@id\":\"https:\/\/business.onoff.app\/fr\/ressources\/carrieres\/billingmanager-adv\/#primaryimage\"},\"thumbnailUrl\":\"https:\/\/business.onoff.app\/wp-content\/uploads\/2021\/11\/adaptation.png\",\"datePublished\":\"2024-07-22T08:23:31+00:00\",\"dateModified\":\"2024-07-22T08:31:28+00:00\",\"description\":\"Rattach\u00e9 au directeur financier, vous \u00eates le garant du revenu et intervenez comme le principal point de contact vis-\u00e0-vis des \u00e9quipes commerciales...\",\"breadcrumb\":{\"@id\":\"https:\/\/business.onoff.app\/fr\/ressources\/carrieres\/billingmanager-adv\/#breadcrumb\"},\"inLanguage\":\"fr-FR\",\"potentialAction\":[{\"@type\":\"ReadAction\",\"target\":[\"https:\/\/business.onoff.app\/fr\/ressources\/carrieres\/billingmanager-adv\/\"]}]},{\"@type\":\"ImageObject\",\"inLanguage\":\"fr-FR\",\"@id\":\"https:\/\/business.onoff.app\/fr\/ressources\/carrieres\/billingmanager-adv\/#primaryimage\",\"url\":\"https:\/\/business.onoff.app\/wp-content\/uploads\/2021\/11\/adaptation.png\",\"contentUrl\":\"https:\/\/business.onoff.app\/wp-content\/uploads\/2021\/11\/adaptation.png\",\"width\":570,\"height\":529,\"caption\":\"Join Onoff Business\"},{\"@type\":\"BreadcrumbList\",\"@id\":\"https:\/\/business.onoff.app\/fr\/ressources\/carrieres\/billingmanager-adv\/#breadcrumb\",\"itemListElement\":[{\"@type\":\"ListItem\",\"position\":1,\"name\":\"Accueil\",\"item\":\"https:\/\/business.onoff.app\/fr\/\"},{\"@type\":\"ListItem\",\"position\":2,\"name\":\"Ressources\",\"item\":\"https:\/\/business.onoff.app\/fr\/ressources\/\"},{\"@type\":\"ListItem\",\"position\":3,\"name\":\"Carri\u00e8res\",\"item\":\"https:\/\/business.onoff.app\/fr\/ressources\/carrieres\/\"},{\"@type\":\"ListItem\",\"position\":4,\"name\":\"Billing Manager &#8211; ADV\"}]},{\"@type\":\"WebSite\",\"@id\":\"https:\/\/business.onoff.app\/fr\/#website\",\"url\":\"https:\/\/business.onoff.app\/fr\/\",\"name\":\"\",\"description\":\"\",\"potentialAction\":[{\"@type\":\"SearchAction\",\"target\":{\"@type\":\"EntryPoint\",\"urlTemplate\":\"https:\/\/business.onoff.app\/fr\/?s={search_term_string}\"},\"query-input\":{\"@type\":\"PropertyValueSpecification\",\"valueRequired\":true,\"valueName\":\"search_term_string\"}}],\"inLanguage\":\"fr-FR\"}]}<\/script>\n<!-- \/ Yoast SEO plugin. -->","yoast_head_json":{"title":"Billing Manager - ADV | Onoff Business","description":"Rattach\u00e9 au directeur financier, vous \u00eates le garant du revenu et intervenez comme le principal point de contact vis-\u00e0-vis des \u00e9quipes commerciales...","robots":{"index":"index","follow":"follow","max-snippet":"max-snippet:-1","max-image-preview":"max-image-preview:large","max-video-preview":"max-video-preview:-1"},"canonical":"https:\/\/business.onoff.app\/fr\/ressources\/carrieres\/billingmanager-adv\/","og_locale":"fr_FR","og_type":"article","og_title":"Billing Manager - ADV | Onoff Business","og_description":"Rattach\u00e9 au directeur financier, vous \u00eates le garant du revenu et intervenez comme le principal point de contact vis-\u00e0-vis des \u00e9quipes commerciales...","og_url":"https:\/\/business.onoff.app\/fr\/ressources\/carrieres\/billingmanager-adv\/","article_modified_time":"2024-07-22T08:31:28+00:00","og_image":[{"width":570,"height":529,"url":"https:\/\/business.onoff.app\/wp-content\/uploads\/2021\/11\/adaptation.png","type":"image\/png"}],"twitter_card":"summary_large_image","twitter_misc":{"Dur\u00e9e de lecture estim\u00e9e":"2 minutes"},"schema":{"@context":"https:\/\/schema.org","@graph":[{"@type":"WebPage","@id":"https:\/\/business.onoff.app\/fr\/ressources\/carrieres\/billingmanager-adv\/","url":"https:\/\/business.onoff.app\/fr\/ressources\/carrieres\/billingmanager-adv\/","name":"Billing Manager - ADV | Onoff Business","isPartOf":{"@id":"https:\/\/business.onoff.app\/fr\/#website"},"primaryImageOfPage":{"@id":"https:\/\/business.onoff.app\/fr\/ressources\/carrieres\/billingmanager-adv\/#primaryimage"},"image":{"@id":"https:\/\/business.onoff.app\/fr\/ressources\/carrieres\/billingmanager-adv\/#primaryimage"},"thumbnailUrl":"https:\/\/business.onoff.app\/wp-content\/uploads\/2021\/11\/adaptation.png","datePublished":"2024-07-22T08:23:31+00:00","dateModified":"2024-07-22T08:31:28+00:00","description":"Rattach\u00e9 au directeur financier, vous \u00eates le garant du revenu et intervenez comme le principal point de contact vis-\u00e0-vis des \u00e9quipes commerciales...","breadcrumb":{"@id":"https:\/\/business.onoff.app\/fr\/ressources\/carrieres\/billingmanager-adv\/#breadcrumb"},"inLanguage":"fr-FR","potentialAction":[{"@type":"ReadAction","target":["https:\/\/business.onoff.app\/fr\/ressources\/carrieres\/billingmanager-adv\/"]}]},{"@type":"ImageObject","inLanguage":"fr-FR","@id":"https:\/\/business.onoff.app\/fr\/ressources\/carrieres\/billingmanager-adv\/#primaryimage","url":"https:\/\/business.onoff.app\/wp-content\/uploads\/2021\/11\/adaptation.png","contentUrl":"https:\/\/business.onoff.app\/wp-content\/uploads\/2021\/11\/adaptation.png","width":570,"height":529,"caption":"Join Onoff Business"},{"@type":"BreadcrumbList","@id":"https:\/\/business.onoff.app\/fr\/ressources\/carrieres\/billingmanager-adv\/#breadcrumb","itemListElement":[{"@type":"ListItem","position":1,"name":"Accueil","item":"https:\/\/business.onoff.app\/fr\/"},{"@type":"ListItem","position":2,"name":"Ressources","item":"https:\/\/business.onoff.app\/fr\/ressources\/"},{"@type":"ListItem","position":3,"name":"Carri\u00e8res","item":"https:\/\/business.onoff.app\/fr\/ressources\/carrieres\/"},{"@type":"ListItem","position":4,"name":"Billing Manager &#8211; ADV"}]},{"@type":"WebSite","@id":"https:\/\/business.onoff.app\/fr\/#website","url":"https:\/\/business.onoff.app\/fr\/","name":"","description":"","potentialAction":[{"@type":"SearchAction","target":{"@type":"EntryPoint","urlTemplate":"https:\/\/business.onoff.app\/fr\/?s={search_term_string}"},"query-input":{"@type":"PropertyValueSpecification","valueRequired":true,"valueName":"search_term_string"}}],"inLanguage":"fr-FR"}]}},"_links":{"self":[{"href":"https:\/\/business.onoff.app\/fr\/wp-json\/wp\/v2\/pages\/7455","targetHints":{"allow":["GET"]}}],"collection":[{"href":"https:\/\/business.onoff.app\/fr\/wp-json\/wp\/v2\/pages"}],"about":[{"href":"https:\/\/business.onoff.app\/fr\/wp-json\/wp\/v2\/types\/page"}],"author":[{"embeddable":true,"href":"https:\/\/business.onoff.app\/fr\/wp-json\/wp\/v2\/users\/10"}],"replies":[{"embeddable":true,"href":"https:\/\/business.onoff.app\/fr\/wp-json\/wp\/v2\/comments?post=7455"}],"version-history":[{"count":0,"href":"https:\/\/business.onoff.app\/fr\/wp-json\/wp\/v2\/pages\/7455\/revisions"}],"up":[{"embeddable":true,"href":"https:\/\/business.onoff.app\/fr\/wp-json\/wp\/v2\/pages\/6190"}],"wp:featuredmedia":[{"embeddable":true,"href":"https:\/\/business.onoff.app\/fr\/wp-json\/wp\/v2\/media\/2689"}],"wp:attachment":[{"href":"https:\/\/business.onoff.app\/fr\/wp-json\/wp\/v2\/media?parent=7455"}],"curies":[{"name":"wp","href":"https:\/\/api.w.org\/{rel}","templated":true}]}}