{"id":5477,"date":"2023-01-23T16:54:05","date_gmt":"2023-01-23T15:54:05","guid":{"rendered":"https:\/\/business.onoff.app\/?page_id=5477"},"modified":"2024-11-04T12:04:23","modified_gmt":"2024-11-04T11:04:23","slug":"we-peps","status":"publish","type":"page","link":"https:\/\/business.onoff.app\/fr\/ressources\/temoignages-clients\/we-peps\/","title":{"rendered":"We Peps"},"content":{"rendered":"\t\t<div data-elementor-type=\"wp-page\" data-elementor-id=\"5477\" class=\"elementor elementor-5477\" data-elementor-post-type=\"page\">\n\t\t\t\t\t\t<section class=\"elementor-section elementor-top-section elementor-element elementor-element-3bb77fd9 elementor-section-content-middle elementor-section-boxed elementor-section-height-default elementor-section-height-default wpr-particle-no wpr-jarallax-no wpr-parallax-no wpr-sticky-section-no\" data-id=\"3bb77fd9\" data-element_type=\"section\" data-settings=\"{&quot;shape_divider_bottom&quot;:&quot;curve&quot;}\">\n\t\t\t\t\t\t\t<div class=\"elementor-background-overlay\"><\/div>\n\t\t\t\t\t\t<div class=\"elementor-shape elementor-shape-bottom\" data-negative=\"false\">\n\t\t\t<svg xmlns=\"http:\/\/www.w3.org\/2000\/svg\" viewBox=\"0 0 1000 100\" preserveAspectRatio=\"none\">\n    <path class=\"elementor-shape-fill\" d=\"M1000,4.3V0H0v4.3C0.9,23.1,126.7,99.2,500,100S1000,22.7,1000,4.3z\"\/>\n<\/svg>\t\t<\/div>\n\t\t\t\t\t<div class=\"elementor-container elementor-column-gap-default\">\n\t\t\t\t\t<div class=\"elementor-column elementor-col-50 elementor-top-column elementor-element elementor-element-18035feb\" data-id=\"18035feb\" data-element_type=\"column\">\n\t\t\t<div class=\"elementor-widget-wrap elementor-element-populated\">\n\t\t\t\t\t\t<div class=\"elementor-element elementor-element-481a4989 elementor-widget elementor-widget-heading\" data-id=\"481a4989\" data-element_type=\"widget\" data-widget_type=\"heading.default\">\n\t\t\t\t<div class=\"elementor-widget-container\">\n\t\t\t\t\t<h1 class=\"elementor-heading-title elementor-size-default\">We Peps<\/h1>\t\t\t\t<\/div>\n\t\t\t\t<\/div>\n\t\t\t\t<div class=\"elementor-element elementor-element-481e20a elementor-widget elementor-widget-heading\" data-id=\"481e20a\" data-element_type=\"widget\" data-widget_type=\"heading.default\">\n\t\t\t\t<div class=\"elementor-widget-container\">\n\t\t\t\t\t<h2 class=\"elementor-heading-title elementor-size-medium\">Entreprise :<\/h2>\t\t\t\t<\/div>\n\t\t\t\t<\/div>\n\t\t\t\t<div class=\"elementor-element elementor-element-1cec6e7a elementor-icon-list--layout-traditional elementor-list-item-link-full_width elementor-widget elementor-widget-icon-list\" data-id=\"1cec6e7a\" data-element_type=\"widget\" data-widget_type=\"icon-list.default\">\n\t\t\t\t<div class=\"elementor-widget-container\">\n\t\t\t\t\t\t\t<ul class=\"elementor-icon-list-items\">\n\t\t\t\t\t\t\t<li class=\"elementor-icon-list-item\">\n\t\t\t\t\t\t\t\t\t\t\t<span class=\"elementor-icon-list-icon\">\n\t\t\t\t\t\t\t<i aria-hidden=\"true\" class=\"far fa-building\"><\/i>\t\t\t\t\t\t<\/span>\n\t\t\t\t\t\t\t\t\t\t<span class=\"elementor-icon-list-text\"><b>Plateforme de location de jardins, de maisons, de rooftops, de lieux chez l'habitant - marketplace collaborative<\/b><\/span>\n\t\t\t\t\t\t\t\t\t<\/li>\n\t\t\t\t\t\t\t\t<li class=\"elementor-icon-list-item\">\n\t\t\t\t\t\t\t\t\t\t\t<span class=\"elementor-icon-list-icon\">\n\t\t\t\t\t\t\t<svg xmlns=\"http:\/\/www.w3.org\/2000\/svg\" id=\"people_black_24dp\" width=\"24\" height=\"24\" viewBox=\"0 0 24 24\"><path id=\"Path\" d=\"M0,0H24V24H0Z\" fill=\"none\"><\/path><path id=\"Shape\" d=\"M16,14V11.5A4.221,4.221,0,0,0,14.03,8.05c.35-.03.68-.05.97-.05,2.33,0,7,1.17,7,3.5V14ZM0,14V11.5C0,9.17,4.67,8,7,8s7,1.17,7,3.5V14ZM12,3a3,3,0,1,1,3,3A3,3,0,0,1,12,3ZM4,3A3,3,0,1,1,7,6,3,3,0,0,1,4,3Z\" transform=\"translate(1 5)\"><\/path><\/svg>\t\t\t\t\t\t<\/span>\n\t\t\t\t\t\t\t\t\t\t<span class=\"elementor-icon-list-text\">Taille de l\u2019entreprise : <b> 10 salari\u00e9s<\/b><\/span>\n\t\t\t\t\t\t\t\t\t<\/li>\n\t\t\t\t\t\t\t\t<li class=\"elementor-icon-list-item\">\n\t\t\t\t\t\t\t\t\t\t\t<span class=\"elementor-icon-list-icon\">\n\t\t\t\t\t\t\t<svg xmlns=\"http:\/\/www.w3.org\/2000\/svg\" id=\"business_black_24dp_2_\" data-name=\"business_black_24dp (2)\" width=\"24\" height=\"24\" viewBox=\"0 0 24 24\"><path id=\"Path\" d=\"M0,0H24V24H0Z\" fill=\"none\"><\/path><path id=\"Shape\" d=\"M0,18V0H10V4H20V18Z\" transform=\"translate(2 3)\"><\/path><\/svg>\t\t\t\t\t\t<\/span>\n\t\t\t\t\t\t\t\t\t\t<span class=\"elementor-icon-list-text\">Secteur : <b>Service<\/b><\/span>\n\t\t\t\t\t\t\t\t\t<\/li>\n\t\t\t\t\t\t<\/ul>\n\t\t\t\t\t\t<\/div>\n\t\t\t\t<\/div>\n\t\t\t\t\t<\/div>\n\t\t<\/div>\n\t\t\t\t<div class=\"elementor-column elementor-col-50 elementor-top-column elementor-element elementor-element-b79261a\" data-id=\"b79261a\" data-element_type=\"column\">\n\t\t\t<div class=\"elementor-widget-wrap elementor-element-populated\">\n\t\t\t\t\t\t<div class=\"elementor-element elementor-element-350f8238 elementor-widget elementor-widget-html\" data-id=\"350f8238\" data-element_type=\"widget\" data-widget_type=\"html.default\">\n\t\t\t\t<div class=\"elementor-widget-container\">\n\t\t\t\t\t<div style=\"text-align:center;\"><img decoding=\"async\" src=\"\/wp-content\/uploads\/2023\/01\/wepeps.png\" srcset=\"\/wp-content\/uploads\/2023\/01\/wepeps@2x.png 2x\"><\/div>\t\t\t\t<\/div>\n\t\t\t\t<\/div>\n\t\t\t\t\t<\/div>\n\t\t<\/div>\n\t\t\t\t\t<\/div>\n\t\t<\/section>\n\t\t\t\t<section class=\"elementor-section elementor-top-section elementor-element elementor-element-7844e15 elementor-section-boxed elementor-section-height-default elementor-section-height-default wpr-particle-no wpr-jarallax-no wpr-parallax-no wpr-sticky-section-no\" data-id=\"7844e15\" data-element_type=\"section\">\n\t\t\t\t\t\t<div class=\"elementor-container elementor-column-gap-default\">\n\t\t\t\t\t<div class=\"elementor-column elementor-col-33 elementor-top-column elementor-element elementor-element-24ba2553\" data-id=\"24ba2553\" data-element_type=\"column\">\n\t\t\t<div class=\"elementor-widget-wrap\">\n\t\t\t\t\t\t\t<\/div>\n\t\t<\/div>\n\t\t\t\t<div class=\"elementor-column elementor-col-33 elementor-top-column elementor-element elementor-element-2022051c\" data-id=\"2022051c\" data-element_type=\"column\">\n\t\t\t<div class=\"elementor-widget-wrap elementor-element-populated\">\n\t\t\t\t\t\t<div class=\"elementor-element elementor-element-78a9fb4a elementor-widget elementor-widget-text-editor\" data-id=\"78a9fb4a\" data-element_type=\"widget\" data-widget_type=\"text-editor.default\">\n\t\t\t\t<div class=\"elementor-widget-container\">\n\t\t\t\t\t\t\t\t\t<p>Benjamin Poutier &#8211; CEO de We Peps, nous fait part de son exp\u00e9rience concernant la solution Onoff Business x Microsoft Teams.<\/p>\t\t\t\t\t\t\t\t<\/div>\n\t\t\t\t<\/div>\n\t\t\t\t<div class=\"elementor-element elementor-element-4b94db65 elementor-widget elementor-widget-testimonial\" data-id=\"4b94db65\" data-element_type=\"widget\" data-widget_type=\"testimonial.default\">\n\t\t\t\t<div class=\"elementor-widget-container\">\n\t\t\t\t\t\t\t<div class=\"elementor-testimonial-wrapper\">\n\t\t\t\t\t\t\t<div class=\"elementor-testimonial-content\">\"J'ai choisi l'offre Teams de Onoff Business pour ses tarifs comp\u00e9titifs et son suivi client performant.\"<\/div>\n\t\t\t\n\t\t\t\t\t\t<div class=\"elementor-testimonial-meta elementor-has-image elementor-testimonial-image-position-aside\">\n\t\t\t\t<div class=\"elementor-testimonial-meta-inner\">\n\t\t\t\t\t\t\t\t\t\t\t<div class=\"elementor-testimonial-image\">\n\t\t\t\t\t\t\t<img decoding=\"async\" src=\"https:\/\/business.onoff.app\/wp-content\/uploads\/2023\/01\/logo-wepeps.jpeg\" title=\"logo-wepeps\" alt=\"logo-wepeps\" loading=\"lazy\" \/>\t\t\t\t\t\t<\/div>\n\t\t\t\t\t\n\t\t\t\t\t\t\t\t\t\t<div class=\"elementor-testimonial-details\">\n\t\t\t\t\t\t\t\t\t\t\t\t\t\t<div class=\"elementor-testimonial-name\">Benjamin Poutier<\/div>\n\t\t\t\t\t\t\t\t\t\t\t\t\t\t\t\t\t\t\t\t\t\t<div class=\"elementor-testimonial-job\">CEO de We Peps<\/div>\n\t\t\t\t\t\t\t\t\t\t\t\t\t<\/div>\n\t\t\t\t\t\t\t\t\t<\/div>\n\t\t\t<\/div>\n\t\t\t\t\t<\/div>\n\t\t\t\t\t\t<\/div>\n\t\t\t\t<\/div>\n\t\t\t\t<div class=\"elementor-element elementor-element-2078ea21 elementor-widget elementor-widget-text-editor\" data-id=\"2078ea21\" data-element_type=\"widget\" data-widget_type=\"text-editor.default\">\n\t\t\t\t<div class=\"elementor-widget-container\">\n\t\t\t\t\t\t\t\t\t<p>Benjamin souhaitait param\u00e9trer un nouveau standard t\u00e9l\u00e9phonique au sein de son entreprise, et \u00e9quiper chaque salari\u00e9 d\u2019une ligne directe via l\u2019outil collaboratif d\u00e9j\u00e0 mis en place : Microsoft Teams.<\/p><p>Il a choisi la solution Onoff Business x Microsoft Teams pour ses tarifs comp\u00e9titifs et son suivi client performant. De plus, il recommande la solution du fait de la simplicit\u00e9 des communications, et de la r\u00e9activit\u00e9 des \u00e9quipes support de Onoff Business.<\/p>\t\t\t\t\t\t\t\t<\/div>\n\t\t\t\t<\/div>\n\t\t\t\t\t<\/div>\n\t\t<\/div>\n\t\t\t\t<div class=\"elementor-column elementor-col-33 elementor-top-column elementor-element elementor-element-5fa20a8d\" data-id=\"5fa20a8d\" data-element_type=\"column\">\n\t\t\t<div class=\"elementor-widget-wrap\">\n\t\t\t\t\t\t\t<\/div>\n\t\t<\/div>\n\t\t\t\t\t<\/div>\n\t\t<\/section>\n\t\t\t\t<\/div>\n\t\t","protected":false},"excerpt":{"rendered":"<p>&#8220;J&#8217;ai choisi l&#8217;offre Teams de Onoff Business pour ses tarifs comp\u00e9titifs et son suivi client performant.&#8221;<\/p>\n","protected":false},"author":1,"featured_media":5478,"parent":3526,"menu_order":0,"comment_status":"closed","ping_status":"closed","template":"","meta":{"content-type":"","footnotes":""},"class_list":["post-5477","page","type-page","status-publish","has-post-thumbnail","hentry"],"yoast_head":"<!-- This site is optimized with the Yoast SEO plugin v25.5 - https:\/\/yoast.com\/wordpress\/plugins\/seo\/ -->\n<title>We Peps raconte son exp\u00e9rience avec Onoff Business x Teams<\/title>\n<meta name=\"description\" content=\"We Peps, la plateforme de location de jardins, de maisons, de rooftops, de lieux chez l&#039;habitant, a choisi l&#039;offre Microsoft Teams de Onoff Business pour ses tarifs comp\u00e9titifs et son suivi client performant.\" \/>\n<meta name=\"robots\" content=\"index, follow, max-snippet:-1, max-image-preview:large, max-video-preview:-1\" \/>\n<link rel=\"canonical\" href=\"https:\/\/business.onoff.app\/fr\/ressources\/temoignages-clients\/we-peps\/\" \/>\n<meta property=\"og:locale\" content=\"fr_FR\" \/>\n<meta property=\"og:type\" content=\"article\" \/>\n<meta property=\"og:title\" content=\"We Peps raconte son exp\u00e9rience avec Onoff Business x Teams\" \/>\n<meta property=\"og:description\" content=\"We Peps, la plateforme de location de jardins, de maisons, de rooftops, de lieux chez l&#039;habitant, a choisi l&#039;offre Microsoft Teams de Onoff Business pour ses tarifs comp\u00e9titifs et son suivi client performant.\" \/>\n<meta property=\"og:url\" content=\"https:\/\/business.onoff.app\/fr\/ressources\/temoignages-clients\/we-peps\/\" \/>\n<meta property=\"article:modified_time\" content=\"2024-11-04T11:04:23+00:00\" \/>\n<meta property=\"og:image\" content=\"https:\/\/business.onoff.app\/wp-content\/uploads\/2023\/01\/wepeps.png\" \/>\n\t<meta property=\"og:image:width\" content=\"1052\" \/>\n\t<meta property=\"og:image:height\" content=\"593\" \/>\n\t<meta property=\"og:image:type\" content=\"image\/png\" \/>\n<meta name=\"twitter:card\" content=\"summary_large_image\" \/>\n<meta name=\"twitter:label1\" content=\"Dur\u00e9e de lecture estim\u00e9e\" \/>\n\t<meta name=\"twitter:data1\" content=\"2 minutes\" \/>\n<script type=\"application\/ld+json\" class=\"yoast-schema-graph\">{\"@context\":\"https:\/\/schema.org\",\"@graph\":[{\"@type\":\"WebPage\",\"@id\":\"https:\/\/business.onoff.app\/fr\/ressources\/temoignages-clients\/we-peps\/\",\"url\":\"https:\/\/business.onoff.app\/fr\/ressources\/temoignages-clients\/we-peps\/\",\"name\":\"We Peps raconte son exp\u00e9rience avec Onoff Business x Teams\",\"isPartOf\":{\"@id\":\"https:\/\/business.onoff.app\/fr\/#website\"},\"primaryImageOfPage\":{\"@id\":\"https:\/\/business.onoff.app\/fr\/ressources\/temoignages-clients\/we-peps\/#primaryimage\"},\"image\":{\"@id\":\"https:\/\/business.onoff.app\/fr\/ressources\/temoignages-clients\/we-peps\/#primaryimage\"},\"thumbnailUrl\":\"https:\/\/business.onoff.app\/wp-content\/uploads\/2023\/01\/wepeps.png\",\"datePublished\":\"2023-01-23T15:54:05+00:00\",\"dateModified\":\"2024-11-04T11:04:23+00:00\",\"description\":\"We Peps, la plateforme de location de jardins, de maisons, de rooftops, de lieux chez l'habitant, a choisi l'offre Microsoft Teams de Onoff Business pour ses tarifs comp\u00e9titifs et son suivi client performant.\",\"breadcrumb\":{\"@id\":\"https:\/\/business.onoff.app\/fr\/ressources\/temoignages-clients\/we-peps\/#breadcrumb\"},\"inLanguage\":\"fr-FR\",\"potentialAction\":[{\"@type\":\"ReadAction\",\"target\":[\"https:\/\/business.onoff.app\/fr\/ressources\/temoignages-clients\/we-peps\/\"]}]},{\"@type\":\"ImageObject\",\"inLanguage\":\"fr-FR\",\"@id\":\"https:\/\/business.onoff.app\/fr\/ressources\/temoignages-clients\/we-peps\/#primaryimage\",\"url\":\"https:\/\/business.onoff.app\/wp-content\/uploads\/2023\/01\/wepeps.png\",\"contentUrl\":\"https:\/\/business.onoff.app\/wp-content\/uploads\/2023\/01\/wepeps.png\",\"width\":1052,\"height\":593},{\"@type\":\"BreadcrumbList\",\"@id\":\"https:\/\/business.onoff.app\/fr\/ressources\/temoignages-clients\/we-peps\/#breadcrumb\",\"itemListElement\":[{\"@type\":\"ListItem\",\"position\":1,\"name\":\"Accueil\",\"item\":\"https:\/\/business.onoff.app\/fr\/\"},{\"@type\":\"ListItem\",\"position\":2,\"name\":\"Ressources\",\"item\":\"https:\/\/business.onoff.app\/fr\/ressources\/\"},{\"@type\":\"ListItem\",\"position\":3,\"name\":\"T\u00e9moignages clients\",\"item\":\"https:\/\/business.onoff.app\/fr\/ressources\/temoignages-clients\/\"},{\"@type\":\"ListItem\",\"position\":4,\"name\":\"We Peps\"}]},{\"@type\":\"WebSite\",\"@id\":\"https:\/\/business.onoff.app\/fr\/#website\",\"url\":\"https:\/\/business.onoff.app\/fr\/\",\"name\":\"\",\"description\":\"\",\"potentialAction\":[{\"@type\":\"SearchAction\",\"target\":{\"@type\":\"EntryPoint\",\"urlTemplate\":\"https:\/\/business.onoff.app\/fr\/?s={search_term_string}\"},\"query-input\":{\"@type\":\"PropertyValueSpecification\",\"valueRequired\":true,\"valueName\":\"search_term_string\"}}],\"inLanguage\":\"fr-FR\"}]}<\/script>\n<!-- \/ Yoast SEO plugin. -->","yoast_head_json":{"title":"We Peps raconte son exp\u00e9rience avec Onoff Business x Teams","description":"We Peps, la plateforme de location de jardins, de maisons, de rooftops, de lieux chez l'habitant, a choisi l'offre Microsoft Teams de Onoff Business pour ses tarifs comp\u00e9titifs et son suivi client performant.","robots":{"index":"index","follow":"follow","max-snippet":"max-snippet:-1","max-image-preview":"max-image-preview:large","max-video-preview":"max-video-preview:-1"},"canonical":"https:\/\/business.onoff.app\/fr\/ressources\/temoignages-clients\/we-peps\/","og_locale":"fr_FR","og_type":"article","og_title":"We Peps raconte son exp\u00e9rience avec Onoff Business x Teams","og_description":"We Peps, la plateforme de location de jardins, de maisons, de rooftops, de lieux chez l'habitant, a choisi l'offre Microsoft Teams de Onoff Business pour ses tarifs comp\u00e9titifs et son suivi client performant.","og_url":"https:\/\/business.onoff.app\/fr\/ressources\/temoignages-clients\/we-peps\/","article_modified_time":"2024-11-04T11:04:23+00:00","og_image":[{"width":1052,"height":593,"url":"https:\/\/business.onoff.app\/wp-content\/uploads\/2023\/01\/wepeps.png","type":"image\/png"}],"twitter_card":"summary_large_image","twitter_misc":{"Dur\u00e9e de lecture estim\u00e9e":"2 minutes"},"schema":{"@context":"https:\/\/schema.org","@graph":[{"@type":"WebPage","@id":"https:\/\/business.onoff.app\/fr\/ressources\/temoignages-clients\/we-peps\/","url":"https:\/\/business.onoff.app\/fr\/ressources\/temoignages-clients\/we-peps\/","name":"We Peps raconte son exp\u00e9rience avec Onoff Business x Teams","isPartOf":{"@id":"https:\/\/business.onoff.app\/fr\/#website"},"primaryImageOfPage":{"@id":"https:\/\/business.onoff.app\/fr\/ressources\/temoignages-clients\/we-peps\/#primaryimage"},"image":{"@id":"https:\/\/business.onoff.app\/fr\/ressources\/temoignages-clients\/we-peps\/#primaryimage"},"thumbnailUrl":"https:\/\/business.onoff.app\/wp-content\/uploads\/2023\/01\/wepeps.png","datePublished":"2023-01-23T15:54:05+00:00","dateModified":"2024-11-04T11:04:23+00:00","description":"We Peps, la plateforme de location de jardins, de maisons, de rooftops, de lieux chez l'habitant, a choisi l'offre Microsoft Teams de Onoff Business pour ses tarifs comp\u00e9titifs et son suivi client performant.","breadcrumb":{"@id":"https:\/\/business.onoff.app\/fr\/ressources\/temoignages-clients\/we-peps\/#breadcrumb"},"inLanguage":"fr-FR","potentialAction":[{"@type":"ReadAction","target":["https:\/\/business.onoff.app\/fr\/ressources\/temoignages-clients\/we-peps\/"]}]},{"@type":"ImageObject","inLanguage":"fr-FR","@id":"https:\/\/business.onoff.app\/fr\/ressources\/temoignages-clients\/we-peps\/#primaryimage","url":"https:\/\/business.onoff.app\/wp-content\/uploads\/2023\/01\/wepeps.png","contentUrl":"https:\/\/business.onoff.app\/wp-content\/uploads\/2023\/01\/wepeps.png","width":1052,"height":593},{"@type":"BreadcrumbList","@id":"https:\/\/business.onoff.app\/fr\/ressources\/temoignages-clients\/we-peps\/#breadcrumb","itemListElement":[{"@type":"ListItem","position":1,"name":"Accueil","item":"https:\/\/business.onoff.app\/fr\/"},{"@type":"ListItem","position":2,"name":"Ressources","item":"https:\/\/business.onoff.app\/fr\/ressources\/"},{"@type":"ListItem","position":3,"name":"T\u00e9moignages clients","item":"https:\/\/business.onoff.app\/fr\/ressources\/temoignages-clients\/"},{"@type":"ListItem","position":4,"name":"We Peps"}]},{"@type":"WebSite","@id":"https:\/\/business.onoff.app\/fr\/#website","url":"https:\/\/business.onoff.app\/fr\/","name":"","description":"","potentialAction":[{"@type":"SearchAction","target":{"@type":"EntryPoint","urlTemplate":"https:\/\/business.onoff.app\/fr\/?s={search_term_string}"},"query-input":{"@type":"PropertyValueSpecification","valueRequired":true,"valueName":"search_term_string"}}],"inLanguage":"fr-FR"}]}},"_links":{"self":[{"href":"https:\/\/business.onoff.app\/fr\/wp-json\/wp\/v2\/pages\/5477","targetHints":{"allow":["GET"]}}],"collection":[{"href":"https:\/\/business.onoff.app\/fr\/wp-json\/wp\/v2\/pages"}],"about":[{"href":"https:\/\/business.onoff.app\/fr\/wp-json\/wp\/v2\/types\/page"}],"author":[{"embeddable":true,"href":"https:\/\/business.onoff.app\/fr\/wp-json\/wp\/v2\/users\/1"}],"replies":[{"embeddable":true,"href":"https:\/\/business.onoff.app\/fr\/wp-json\/wp\/v2\/comments?post=5477"}],"version-history":[{"count":0,"href":"https:\/\/business.onoff.app\/fr\/wp-json\/wp\/v2\/pages\/5477\/revisions"}],"up":[{"embeddable":true,"href":"https:\/\/business.onoff.app\/fr\/wp-json\/wp\/v2\/pages\/3526"}],"wp:featuredmedia":[{"embeddable":true,"href":"https:\/\/business.onoff.app\/fr\/wp-json\/wp\/v2\/media\/5478"}],"wp:attachment":[{"href":"https:\/\/business.onoff.app\/fr\/wp-json\/wp\/v2\/media?parent=5477"}],"curies":[{"name":"wp","href":"https:\/\/api.w.org\/{rel}","templated":true}]}}