{"id":4220,"date":"2022-04-22T14:22:31","date_gmt":"2022-04-22T13:22:31","guid":{"rendered":"https:\/\/business.onoff.app\/?page_id=4220"},"modified":"2024-05-29T10:09:29","modified_gmt":"2024-05-29T08:09:29","slug":"calculez-vos-economies","status":"publish","type":"page","link":"https:\/\/business.onoff.app\/fr\/calculez-vos-economies\/","title":{"rendered":"Calculez vos \u00e9conomies"},"content":{"rendered":"\t\t<div data-elementor-type=\"wp-page\" data-elementor-id=\"4220\" class=\"elementor elementor-4220\" data-elementor-post-type=\"page\">\n\t\t\t\t\t\t<section class=\"elementor-section elementor-top-section elementor-element elementor-element-34a22c14 elementor-section-boxed elementor-section-height-default elementor-section-height-default wpr-particle-no wpr-jarallax-no wpr-parallax-no wpr-sticky-section-no elementor-invisible\" data-id=\"34a22c14\" data-element_type=\"section\" data-settings=\"{&quot;background_background&quot;:&quot;classic&quot;,&quot;animation&quot;:&quot;fadeIn&quot;}\">\n\t\t\t\t\t\t<div class=\"elementor-container elementor-column-gap-default\">\n\t\t\t\t\t<div class=\"elementor-column elementor-col-100 elementor-top-column elementor-element elementor-element-5fa81514\" data-id=\"5fa81514\" data-element_type=\"column\">\n\t\t\t<div class=\"elementor-widget-wrap elementor-element-populated\">\n\t\t\t\t\t\t<div class=\"elementor-element elementor-element-df8ab1a elementor-widget elementor-widget-heading\" data-id=\"df8ab1a\" data-element_type=\"widget\" data-widget_type=\"heading.default\">\n\t\t\t\t<div class=\"elementor-widget-container\">\n\t\t\t\t\t<h1 class=\"elementor-heading-title elementor-size-default\">Calculez vos \u00e9conomies<\/h1>\t\t\t\t<\/div>\n\t\t\t\t<\/div>\n\t\t\t\t\t<\/div>\n\t\t<\/div>\n\t\t\t\t\t<\/div>\n\t\t<\/section>\n\t\t\t\t<section class=\"elementor-section elementor-top-section elementor-element elementor-element-fb3a595 elementor-section-full_width tabscalculatrice elementor-section-height-default elementor-section-height-default wpr-particle-no wpr-jarallax-no wpr-parallax-no wpr-sticky-section-no\" data-id=\"fb3a595\" data-element_type=\"section\">\n\t\t\t\t\t\t<div class=\"elementor-container elementor-column-gap-default\">\n\t\t\t\t\t<div class=\"elementor-column elementor-col-100 elementor-top-column elementor-element elementor-element-fc55134\" data-id=\"fc55134\" data-element_type=\"column\">\n\t\t\t<div class=\"elementor-widget-wrap elementor-element-populated\">\n\t\t\t\t\t\t<div class=\"elementor-element elementor-element-a55435e elementor-widget elementor-widget-html\" data-id=\"a55435e\" data-element_type=\"widget\" data-widget_type=\"html.default\">\n\t\t\t\t<div class=\"elementor-widget-container\">\n\t\t\t\t\t<!-- global css -->\r\n<style>\r\n\/* Hide*\/\r\n.filters-content{\r\n    text-align:center;\r\n    padding:0px !important;\r\n}\r\n.filters-content button{\r\n    margin-bottom:15px !important;\r\n}\r\n.filters [data-content] {\r\n  display: none;\r\n}\r\n[data-content].is-active[data-content] {\r\n  display: block;\r\n}\r\n[data-target]{\r\n  border-color:#657080;\r\n  border-radius:50px;\r\n  padding:15px 25px 15px 25px;\r\n  color:#657080;\r\n  justify-content:center;\r\n  margin:auto;\r\n  display: inline-block;\r\n}\r\n[data-target].is-active {\r\n  background-color: #273348;\r\n  border-color:#273348;\r\n  color: #fff;\r\n}\r\n@media screen and (max-width: 494px) {\r\n  .filters-content button{\r\n      width:100%;\r\n  }\r\n}\r\n<\/style>\r\n\r\n<section class=\"filters\">\r\n<div>\r\n<!-- pricer-1 -->\r\n<div data-content class=\"is-active\" id=\"eco\">\r\n<p style=\"font-weight:500;text-align:center;padding-bottom:75px;margin:auto;max-width:550px;color:#273348;\">Comparez votre forfait t\u00e9l\u00e9phonie d\u2019entreprise actuel au forfait Onoff Business et calculez les \u00e9conomies que vous pouvez faire en optant pour la solution Onoff Business ! \r\n<\/p>\r\n<link\r\n    rel=\"stylesheet\"\r\n    href=\"https:\/\/cdnjs.cloudflare.com\/ajax\/libs\/animate.css\/4.1.1\/animate.min.css\"\r\n  \/>\r\n<style>\r\n    #calculator-1 {\r\n        border-radius: 10px;\r\n        display: flex;\r\n        background-color: #05645c;\r\n        box-shadow: rgba(149, 157, 165, 0.2) 0px 8px 24px;\r\n        max-width: 1200px;\r\n        margin: auto;\r\n    }\r\n    #calculator-inputs-1 #inputs input, #prixTel {\r\n        border: none;\r\n        max-width: 250px;\r\n        height: 100%;\r\n        border-radius: 10px;\r\n        font-size: 30px;\r\n        color: #273348 !important;\r\n    }\r\n    input[type=number]::-webkit-inner-spin-button, input[type=number]::-webkit-outer-spin-button {  \r\n        opacity: 1;\r\n    }\r\n    .special-input {\r\n        border-radius: 10px;\r\n        background-color: white;\r\n        border: 1px solid #dedede;\r\n        padding: 10px;\r\n        max-width: 275px;\r\n        font-size: 14px;\r\n        color: #c7c3c3;\r\n    }\r\n    #percentage {\r\n        flex-grow: 2.5;\r\n        text-align: center;\r\n        background-color: #05645c;\r\n        padding: 40px 40px 40px 40px;\r\n        border-top-right-radius: 10px;\r\n        border-bottom-right-radius : 10px;\r\n        color: white !important;\r\n    }\r\n    #calculator-inputs-1 {\r\n        flex-grow: 2;\r\n        padding: 60px;\r\n    }\r\n    #price {\r\n        font-size: 50px;\r\n    }\r\n    #percentage-number {\r\n        color: #2DD08C;\r\n    }\r\n    .subscription {\r\n        background-color: #2DD08C;\r\n        border: none;\r\n        color: white;\r\n        padding: 16px 24px 16px 24px;\r\n        border-radius: 40px;\r\n    }\r\n    .subscription:hover {\r\n        color: white;\r\n    }\r\n    #percentage #title {\r\n        font-size: 22px !important;\r\n        font-weight: 500;\r\n    }\r\n    #inputs {\r\n        display: flex;\r\n    }\r\n    #inputs #input-1 {\r\n        flex-grow: 1;\r\n    }\r\n    .input-icon {\r\n      position: relative;\r\n    }\r\n    \r\n    .input-icon > i {\r\n      position: absolute;\r\n      display: block;\r\n      transform: translate(0, -50%);\r\n      top: 50%;\r\n      pointer-events: none;\r\n      width: 25px;\r\n      text-align: center;\r\n      font-style: normal;\r\n    }\r\n    \r\n    .input-icon-right > i {\r\n      right: 50px;\r\n      font-size: 24px;\r\n      color: #273348 !important;\r\n    }\r\n    \r\n    @media screen and (max-width: 1200px) {\r\n        #calculator-1, #inputs {\r\n            flex-direction: column;\r\n        }\r\n        .special-input, input {\r\n            max-width: 100% !important;\r\n        }\r\n        .special-input {\r\n            margin-bottom: 20px;\r\n        }\r\n        #calculator-inputs-1 {\r\n            padding: 20px;\r\n        }\r\n        #percentage {\r\n            padding: 40px;\r\n        }\r\n        #calculator-1 {\r\n            overflow: hidden;\r\n        }\r\n        #calculator-inputs-1 {\r\n          border-top-right-radius: 10px;\r\n          border-bottom-right-radius: 60% 2%;\r\n          border-top-left-radius: 10px;\r\n          border-bottom-left-radius: 60% 2%;\r\n        }\r\n    }\r\n    \r\n    @media screen and (max-width: 500px) {\r\n        #percentage {\r\n            padding: 20px 10px;\r\n            font-size: 14px !important;\r\n        }\r\n        \r\n        #before-price, #onoff-price {\r\n            font-size: 14px !important;\r\n        }\r\n        \r\n        #percentage .subscription {\r\n            font-size: 16px !important;\r\n        }\r\n        \r\n        #title {\r\n            text-align: left;\r\n        }\r\n        \r\n        .fraisMensuels {\r\n            \/* width: 100%; *\/\r\n        }\r\n    }\r\n    \r\n    #calculator-inputs-1 {\r\n          background-color: #fff;\r\n      }\r\n  \r\n  @media screen and (min-width: 1201px) {\r\n      #calculator-inputs-1 {\r\n          border-top-right-radius: 2% 60%;\r\n          border-bottom-right-radius: 2% 60%;\r\n          border-top-left-radius: 10px;\r\n          border-bottom-left-radius: 10px;\r\n      }\r\n  }\r\n<\/style>\r\n\r\n<div id=\"calculator-1\">\r\n    <div id=\"calculator-inputs-1\">\r\n        <div id=\"inputs\">\r\n            <div id=\"input-1\">\r\n                <div class=\"special-input\">\r\n                    <p>Nombre de forfaits*<\/p>\r\n                    <input id=\"nbLigne\" name=\"nbLigne\" type=\"number\" min=\"0\" value=\"0\" onchange=\"calculatePrice();\" onkeyup=\"calculatePrice();\" required>\r\n                <\/div>\r\n            <\/div>\r\n            <div id=\"input-2\">\r\n                <div class=\"special-input\">\r\n                    <p>Prix moyen de votre forfait*<\/p>\r\n                    <div class=\"input-icon input-icon-right\">\r\n                    <input id=\"forfaitMoyen\" name=\"forfaitMoyen\" type=\"number\" value=\"0\" min=\"0\" onchange=\"calculatePrice();\" onkeyup=\"calculatePrice();\" required>\r\n                    <i>\u20ac<\/i>\r\n                    <\/div>\r\n                <\/div>\r\n            <\/div>\r\n        <\/div>\r\n        <br>\r\n        <input id=\"equipment\" name=\"equipment\" type=\"checkbox\" onclick=\"checkbox();\" onchange=\"calculatePrice();\" style=\"accent-color: green;\"><span id=\"equipment_label\" style=\"display: inline-block; margin-left: 10px;\"> Fournissez-vous des t\u00e9l\u00e9phones pro ?*<\/span><br><br>\r\n        <div class=\"special-input\" id=\"optional-input\" style=\"max-width: 100%; display: none;\">\r\n                    <p>Prix moyen d'un t\u00e9l\u00e9phone*<\/p>\r\n                    <div class=\"input-icon input-icon-right\">\r\n                        <input id=\"prixTel\" name=\"prixTel\" type=\"number\" min=\"0\" value=\"0\" style=\"max-width: 100%;\" onchange=\"calculatePrice();\" onkeyup=\"calculatePrice();\" required>\r\n                        <i>\u20ac<\/i>\r\n                    <\/div>\r\n                <\/div>\r\n        <!--<br><br>-->\r\n        <!-- <button id=\"calculatePrice\" onclick=\"calculatePrice();\">Obtenir mon prix<\/button> -->\r\n    <\/div>\r\n    <div id=\"percentage\" style=\"padding-bottom: 30px;\">\r\n        <span id=\"title\">Comparateur frais<\/span>\r\n        <br><br>\r\n        \r\n        <div style=\"height: 20px;\">\r\n        <span style=\"float: left;\" class=\"fraisMensuels\">Frais forfait actuel<\/span>\r\n        <span style=\"float: right; font-weight: bold;\">\/mois<\/span>\r\n        <span style=\"float: right; font-weight: bold; font-size: 18px;\" id=\"before-price\">0.00 \u20ac<\/span>\r\n        <\/div>\r\n        \r\n        <br>\r\n        \r\n        <div style=\"height: 20px;\">\r\n        <span style=\"float: left;\" class=\"fraisMensuels\">Frais Onoff Business<\/span>\r\n        <span style=\"float: right; font-weight: bold;\">\/mois<\/span>\r\n        <span style=\"float: right; font-weight: bold; font-size: 18px;\" id=\"onoff-price\">0.00 \u20ac<\/span>\r\n        <\/div>\r\n        \r\n        <br><hr style=\"border: none; height: 1px; background-color: white; opacity: 0.4;\"><br>\r\n        \r\n        <div style=\"height: 20px;\">\r\n        <span style=\"float: left; color: #2DD08C;\">Soit une r\u00e9duction de :<\/span>\r\n        <span id=\"percentage-number\" style=\"font-size: 26px; font-weight: bold; position: relative; bottom: 6px;\">0%<\/span>\r\n        <\/div>\r\n        \r\n        <br><br>\r\n        <div style=\"margin-top: 10px; margin-bottom: 20px;\"><a class=\"subscription\" id=\"\" onclick=\"saveDataPricer();\" href=\"https:\/\/meetings-eu1.hubspot.com\/damien-boussard\/demande-demo\">Je prends rendez-vous<\/a><\/div>\r\n    <\/div>\r\n<\/div>\r\n<p id=\"error\"><\/p>\r\n\r\n<script>\r\n    function saveDataPricer() {\r\n        if (document.getElementById('equipment').checked) {\r\n            var prixTel = document.getElementById(\"prixTel\").value;\r\n        } else {\r\n            var prixTel = 0;\r\n        }\r\n        const nbLigne = document.getElementById(\"nbLigne\").value;\r\n        const forfaitMoyen = document.getElementById(\"forfaitMoyen\").value;\r\n        var totalPrice = nbLigne * forfaitMoyen + Number(prixTel * nbLigne);\r\n        $.post(\"https:\/\/business.onoff.app\/pricer-data\/pricer-data.php\", {prixTel: prixTel, nbLigne: nbLigne, forfaitMoyen: forfaitMoyen, totalPrice: totalPrice})\r\n            .done(function(data) {\r\n                console.log(\"Data Loaded \" + data);\r\n            });\r\n    }\r\n    function calculatePrice() {\r\n        if (document.getElementById('equipment').checked) {\r\n            var prixTel = Number(document.getElementById(\"prixTel\").value \/ 12);\r\n        } else {\r\n            var prixTel = 0;\r\n        }\r\n        const nbLigne = document.getElementById(\"nbLigne\").value;\r\n        const forfaitMoyen = document.getElementById(\"forfaitMoyen\").value;\r\n        var totalPrice = nbLigne * forfaitMoyen + Number(prixTel * nbLigne);\r\n        const onoffPrice = nbLigne * 15;\r\n        const percentageonoff = (totalPrice-onoffPrice)\/totalPrice * 100;\r\n        if (percentageonoff >= 0) {\r\n            var sign = \"\";\r\n        } else {\r\n            var sign = \"-\";\r\n        }\r\n        if (nbLigne > 0 && forfaitMoyen > 0) {\r\n            document.getElementById(\"onoff-price\").innerHTML = onoffPrice.toFixed(2) + \" \u20ac\";\r\n            document.getElementById(\"before-price\").innerHTML = totalPrice.toFixed(2) + \" \u20ac\";\r\n            document.getElementById(\"percentage-number\").innerHTML = sign + Math.abs(percentageonoff.toFixed(2)) + \"%\";\r\n            \r\n        } else {\r\n            \/\/ document.getElementById(\"error\").innerHTML = \"Il manque quelque chose\";\r\n        }\r\n        \r\n        if (nbLigne > 0 && forfaitMoyen > 0 && document.getElementById('equipment').checked === false) {\r\n            console.log(\"ok\");\r\n            $(\"#equipment_label\").addClass(\"animate__animated animate__pulse animate__infinite animate__slow\");\r\n        } else {\r\n            $(\"#equipment_label\").removeClass(\"animate__animated animate__pulse animate__infinite animate__slow\");\r\n        }\r\n    }\r\n    function checkbox() {\r\n        if (document.getElementById('equipment').checked) {\r\n            document.getElementById(\"optional-input\").style.display = \"block\";\r\n        } else {\r\n            document.getElementById(\"optional-input\").style.display = \"none\";\r\n        }\r\n    }\r\n<\/script>\r\n\r\n<p style=\"padding-top:3px;;margin:auto;padding-bottom:50px;color:#657080;font-size:12px;max-width:1200px;\">\r\n*En utilisant la calculatrice vous nous autorisez \u00e0 utiliser les donn\u00e9es saisies pour effectuer une comparaison de forfaits et pour des potentiels \u00e9tudes marketing. Ces donn\u00e9es ne seront jamais partag\u00e9es.<\/p>\r\n<div style=\"border:1px solid #ddd;border-radius:10px;padding:30px 30px 15px 30px;margin-left:auto;margin-right:auto;max-width:550px;\">\r\n<p style=\"color:#657080;text-align:justify;\">Le calcul est fait en utilisant le prix du forfait Onoff Business qui est de 15 \u20ac HT par num\u00e9ro.<\/p>\r\n<p><a href=\"https:\/\/business.onoff.app\/fr\/tarifs\/\" style=\"color:#2DD08C;font-weight:500;\">Consulter nos tarifs \u203a<\/a>\r\n<\/p><\/div>\r\n<div style=\"width:100%;height:50px;display:block;\"><\/div>\r\n<\/div>\r\n\r\n<\/section>\t\t\t\t<\/div>\n\t\t\t\t<\/div>\n\t\t\t\t\t<\/div>\n\t\t<\/div>\n\t\t\t\t\t<\/div>\n\t\t<\/section>\n\t\t\t\t<\/div>\n\t\t","protected":false},"excerpt":{"rendered":"<p>Calculez vos \u00e9conomies Comparez votre forfait t\u00e9l\u00e9phonie d\u2019entreprise actuel au forfait Onoff Business et d\u00e9couvrez les \u00e9conomies que vous pouvez faire en optant pour la solution Onoff Business ! Nombre de forfaits* Prix moyen de votre forfait* \u20ac Fournissez-vous des t\u00e9l\u00e9phones pro ?* Prix moyen d&#8217;un t\u00e9l\u00e9phone* \u20ac Comparateur frais Frais forfait actuel \/mois 0.00 [&hellip;]<\/p>\n","protected":false},"author":1,"featured_media":2371,"parent":0,"menu_order":0,"comment_status":"closed","ping_status":"closed","template":"","meta":{"content-type":"","footnotes":""},"class_list":["post-4220","page","type-page","status-publish","has-post-thumbnail","hentry"],"yoast_head":"<!-- This site is optimized with the Yoast SEO plugin v25.5 - https:\/\/yoast.com\/wordpress\/plugins\/seo\/ -->\n<title>Calculez vos \u00e9conomies<\/title>\n<meta name=\"description\" content=\"Calculez vos \u00e9conomies avec Onoff Business et passez \u00e0 une solution de t\u00e9l\u00e9phonie qui vous fera gagner de l&#039;argent.\" \/>\n<meta name=\"robots\" content=\"noindex, nofollow\" \/>\n<meta property=\"og:locale\" content=\"fr_FR\" \/>\n<meta property=\"og:type\" content=\"article\" \/>\n<meta property=\"og:title\" content=\"Calculez vos \u00e9conomies\" \/>\n<meta property=\"og:description\" content=\"Calculez vos \u00e9conomies avec Onoff Business et passez \u00e0 une solution de t\u00e9l\u00e9phonie qui vous fera gagner de l&#039;argent.\" \/>\n<meta property=\"og:url\" content=\"https:\/\/business.onoff.app\/fr\/calculez-vos-economies\/\" \/>\n<meta property=\"article:modified_time\" content=\"2024-05-29T08:09:29+00:00\" \/>\n<meta name=\"twitter:card\" content=\"summary_large_image\" \/>\n<meta name=\"twitter:label1\" content=\"Dur\u00e9e de lecture estim\u00e9e\" \/>\n\t<meta name=\"twitter:data1\" content=\"1 minute\" \/>\n<script type=\"application\/ld+json\" class=\"yoast-schema-graph\">{\"@context\":\"https:\/\/schema.org\",\"@graph\":[{\"@type\":\"WebPage\",\"@id\":\"https:\/\/business.onoff.app\/fr\/calculez-vos-economies\/\",\"url\":\"https:\/\/business.onoff.app\/fr\/calculez-vos-economies\/\",\"name\":\"Calculez vos \u00e9conomies\",\"isPartOf\":{\"@id\":\"https:\/\/business.onoff.app\/fr\/#website\"},\"primaryImageOfPage\":{\"@id\":\"https:\/\/business.onoff.app\/fr\/calculez-vos-economies\/#primaryimage\"},\"image\":{\"@id\":\"https:\/\/business.onoff.app\/fr\/calculez-vos-economies\/#primaryimage\"},\"thumbnailUrl\":\"https:\/\/business.onoff.app\/wp-content\/uploads\/2021\/08\/onoff-logo.svg\",\"datePublished\":\"2022-04-22T13:22:31+00:00\",\"dateModified\":\"2024-05-29T08:09:29+00:00\",\"description\":\"Calculez vos \u00e9conomies avec Onoff Business et passez \u00e0 une solution de t\u00e9l\u00e9phonie qui vous fera gagner de l'argent.\",\"breadcrumb\":{\"@id\":\"https:\/\/business.onoff.app\/fr\/calculez-vos-economies\/#breadcrumb\"},\"inLanguage\":\"fr-FR\",\"potentialAction\":[{\"@type\":\"ReadAction\",\"target\":[\"https:\/\/business.onoff.app\/fr\/calculez-vos-economies\/\"]}]},{\"@type\":\"ImageObject\",\"inLanguage\":\"fr-FR\",\"@id\":\"https:\/\/business.onoff.app\/fr\/calculez-vos-economies\/#primaryimage\",\"url\":\"https:\/\/business.onoff.app\/wp-content\/uploads\/2021\/08\/onoff-logo.svg\",\"contentUrl\":\"https:\/\/business.onoff.app\/wp-content\/uploads\/2021\/08\/onoff-logo.svg\",\"width\":22,\"height\":23,\"caption\":\"Calculatrice_economie\"},{\"@type\":\"BreadcrumbList\",\"@id\":\"https:\/\/business.onoff.app\/fr\/calculez-vos-economies\/#breadcrumb\",\"itemListElement\":[{\"@type\":\"ListItem\",\"position\":1,\"name\":\"Accueil\",\"item\":\"https:\/\/business.onoff.app\/fr\/\"},{\"@type\":\"ListItem\",\"position\":2,\"name\":\"Calculez vos \u00e9conomies\"}]},{\"@type\":\"WebSite\",\"@id\":\"https:\/\/business.onoff.app\/fr\/#website\",\"url\":\"https:\/\/business.onoff.app\/fr\/\",\"name\":\"\",\"description\":\"\",\"potentialAction\":[{\"@type\":\"SearchAction\",\"target\":{\"@type\":\"EntryPoint\",\"urlTemplate\":\"https:\/\/business.onoff.app\/fr\/?s={search_term_string}\"},\"query-input\":{\"@type\":\"PropertyValueSpecification\",\"valueRequired\":true,\"valueName\":\"search_term_string\"}}],\"inLanguage\":\"fr-FR\"}]}<\/script>\n<!-- \/ Yoast SEO plugin. -->","yoast_head_json":{"title":"Calculez vos \u00e9conomies","description":"Calculez vos \u00e9conomies avec Onoff Business et passez \u00e0 une solution de t\u00e9l\u00e9phonie qui vous fera gagner de l'argent.","robots":{"index":"noindex","follow":"nofollow"},"og_locale":"fr_FR","og_type":"article","og_title":"Calculez vos \u00e9conomies","og_description":"Calculez vos \u00e9conomies avec Onoff Business et passez \u00e0 une solution de t\u00e9l\u00e9phonie qui vous fera gagner de l'argent.","og_url":"https:\/\/business.onoff.app\/fr\/calculez-vos-economies\/","article_modified_time":"2024-05-29T08:09:29+00:00","twitter_card":"summary_large_image","twitter_misc":{"Dur\u00e9e de lecture estim\u00e9e":"1 minute"},"schema":{"@context":"https:\/\/schema.org","@graph":[{"@type":"WebPage","@id":"https:\/\/business.onoff.app\/fr\/calculez-vos-economies\/","url":"https:\/\/business.onoff.app\/fr\/calculez-vos-economies\/","name":"Calculez vos \u00e9conomies","isPartOf":{"@id":"https:\/\/business.onoff.app\/fr\/#website"},"primaryImageOfPage":{"@id":"https:\/\/business.onoff.app\/fr\/calculez-vos-economies\/#primaryimage"},"image":{"@id":"https:\/\/business.onoff.app\/fr\/calculez-vos-economies\/#primaryimage"},"thumbnailUrl":"https:\/\/business.onoff.app\/wp-content\/uploads\/2021\/08\/onoff-logo.svg","datePublished":"2022-04-22T13:22:31+00:00","dateModified":"2024-05-29T08:09:29+00:00","description":"Calculez vos \u00e9conomies avec Onoff Business et passez \u00e0 une solution de t\u00e9l\u00e9phonie qui vous fera gagner de l'argent.","breadcrumb":{"@id":"https:\/\/business.onoff.app\/fr\/calculez-vos-economies\/#breadcrumb"},"inLanguage":"fr-FR","potentialAction":[{"@type":"ReadAction","target":["https:\/\/business.onoff.app\/fr\/calculez-vos-economies\/"]}]},{"@type":"ImageObject","inLanguage":"fr-FR","@id":"https:\/\/business.onoff.app\/fr\/calculez-vos-economies\/#primaryimage","url":"https:\/\/business.onoff.app\/wp-content\/uploads\/2021\/08\/onoff-logo.svg","contentUrl":"https:\/\/business.onoff.app\/wp-content\/uploads\/2021\/08\/onoff-logo.svg","width":22,"height":23,"caption":"Calculatrice_economie"},{"@type":"BreadcrumbList","@id":"https:\/\/business.onoff.app\/fr\/calculez-vos-economies\/#breadcrumb","itemListElement":[{"@type":"ListItem","position":1,"name":"Accueil","item":"https:\/\/business.onoff.app\/fr\/"},{"@type":"ListItem","position":2,"name":"Calculez vos \u00e9conomies"}]},{"@type":"WebSite","@id":"https:\/\/business.onoff.app\/fr\/#website","url":"https:\/\/business.onoff.app\/fr\/","name":"","description":"","potentialAction":[{"@type":"SearchAction","target":{"@type":"EntryPoint","urlTemplate":"https:\/\/business.onoff.app\/fr\/?s={search_term_string}"},"query-input":{"@type":"PropertyValueSpecification","valueRequired":true,"valueName":"search_term_string"}}],"inLanguage":"fr-FR"}]}},"_links":{"self":[{"href":"https:\/\/business.onoff.app\/fr\/wp-json\/wp\/v2\/pages\/4220","targetHints":{"allow":["GET"]}}],"collection":[{"href":"https:\/\/business.onoff.app\/fr\/wp-json\/wp\/v2\/pages"}],"about":[{"href":"https:\/\/business.onoff.app\/fr\/wp-json\/wp\/v2\/types\/page"}],"author":[{"embeddable":true,"href":"https:\/\/business.onoff.app\/fr\/wp-json\/wp\/v2\/users\/1"}],"replies":[{"embeddable":true,"href":"https:\/\/business.onoff.app\/fr\/wp-json\/wp\/v2\/comments?post=4220"}],"version-history":[{"count":0,"href":"https:\/\/business.onoff.app\/fr\/wp-json\/wp\/v2\/pages\/4220\/revisions"}],"wp:featuredmedia":[{"embeddable":true,"href":"https:\/\/business.onoff.app\/fr\/wp-json\/wp\/v2\/media\/2371"}],"wp:attachment":[{"href":"https:\/\/business.onoff.app\/fr\/wp-json\/wp\/v2\/media?parent=4220"}],"curies":[{"name":"wp","href":"https:\/\/api.w.org\/{rel}","templated":true}]}}