{"id":2643,"date":"2021-12-15T16:33:54","date_gmt":"2021-12-15T16:33:54","guid":{"rendered":"https:\/\/business.onoff.app\/?page_id=2643"},"modified":"2025-03-05T14:18:47","modified_gmt":"2025-03-05T13:18:47","slug":"solutions","status":"publish","type":"page","link":"https:\/\/business.onoff.app\/fr\/solutions\/","title":{"rendered":"Solutions"},"content":{"rendered":"\t\t<div data-elementor-type=\"wp-page\" data-elementor-id=\"2643\" class=\"elementor elementor-2643\" data-elementor-post-type=\"page\">\n\t\t\t\t\t\t<section class=\"elementor-section elementor-top-section elementor-element elementor-element-122870e7 elementor-section-content-middle elementor-section-boxed elementor-section-height-default elementor-section-height-default wpr-particle-no wpr-jarallax-no wpr-parallax-no wpr-sticky-section-no\" data-id=\"122870e7\" data-element_type=\"section\" data-settings=\"{&quot;shape_divider_bottom&quot;:&quot;curve&quot;}\">\n\t\t\t\t\t\t\t<div class=\"elementor-background-overlay\"><\/div>\n\t\t\t\t\t\t<div class=\"elementor-shape elementor-shape-bottom\" data-negative=\"false\">\n\t\t\t<svg xmlns=\"http:\/\/www.w3.org\/2000\/svg\" viewBox=\"0 0 1000 100\" preserveAspectRatio=\"none\">\n    <path class=\"elementor-shape-fill\" d=\"M1000,4.3V0H0v4.3C0.9,23.1,126.7,99.2,500,100S1000,22.7,1000,4.3z\"\/>\n<\/svg>\t\t<\/div>\n\t\t\t\t\t<div class=\"elementor-container elementor-column-gap-default\">\n\t\t\t\t\t<div class=\"elementor-column elementor-col-50 elementor-top-column elementor-element elementor-element-566ee348\" data-id=\"566ee348\" data-element_type=\"column\">\n\t\t\t<div class=\"elementor-widget-wrap elementor-element-populated\">\n\t\t\t\t\t\t<div class=\"elementor-element elementor-element-36a5fb6 elementor-widget elementor-widget-text-editor\" data-id=\"36a5fb6\" data-element_type=\"widget\" data-widget_type=\"text-editor.default\">\n\t\t\t\t<div class=\"elementor-widget-container\">\n\t\t\t\t\t\t\t\t\t<a style=\"color: #2dd08c;\" href=\"https:\/\/business.onoff.app\/fr\/solutions\/\">SOLUTIONS<\/a>\t\t\t\t\t\t\t\t<\/div>\n\t\t\t\t<\/div>\n\t\t\t\t<div class=\"elementor-element elementor-element-543b79a9 elementor-widget elementor-widget-heading\" data-id=\"543b79a9\" data-element_type=\"widget\" data-widget_type=\"heading.default\">\n\t\t\t\t<div class=\"elementor-widget-container\">\n\t\t\t\t\t<h1 class=\"elementor-heading-title elementor-size-default\">Solutions Onoff Business<\/h1>\t\t\t\t<\/div>\n\t\t\t\t<\/div>\n\t\t\t\t<div class=\"elementor-element elementor-element-5fdaa87f elementor-widget elementor-widget-text-editor\" data-id=\"5fdaa87f\" data-element_type=\"widget\" data-widget_type=\"text-editor.default\">\n\t\t\t\t<div class=\"elementor-widget-container\">\n\t\t\t\t\t\t\t\t\tVous souhaitez gagner du temps et de l\u2019argent sur \nla gestion de votre flotte t\u00e9l\u00e9phonique et augmenter \nla productivit\u00e9 de vos collaborateurs ? Onoff Business \nest fait pour vous !\t\t\t\t\t\t\t\t<\/div>\n\t\t\t\t<\/div>\n\t\t\t\t\t<\/div>\n\t\t<\/div>\n\t\t\t\t<div class=\"elementor-column elementor-col-50 elementor-top-column elementor-element elementor-element-a5056eb\" data-id=\"a5056eb\" data-element_type=\"column\">\n\t\t\t<div class=\"elementor-widget-wrap elementor-element-populated\">\n\t\t\t\t\t\t<div class=\"elementor-element elementor-element-1cf9560 elementor-widget elementor-widget-video\" data-id=\"1cf9560\" data-element_type=\"widget\" data-settings=\"{&quot;youtube_url&quot;:&quot;https:\\\/\\\/www.youtube.com\\\/watch?v=SMImsNrdAXQ&quot;,&quot;show_image_overlay&quot;:&quot;yes&quot;,&quot;image_overlay&quot;:{&quot;url&quot;:&quot;https:\\\/\\\/business.onoff.app\\\/wp-content\\\/uploads\\\/2025\\\/03\\\/B2B-product-motion-0-00-04-13-scaled.jpg&quot;,&quot;id&quot;:7772,&quot;size&quot;:&quot;&quot;,&quot;alt&quot;:&quot;Onoff Business, la t\\u00e9l\\u00e9phonie cloud de demain&quot;,&quot;source&quot;:&quot;library&quot;},&quot;lightbox&quot;:&quot;yes&quot;,&quot;video_type&quot;:&quot;youtube&quot;,&quot;controls&quot;:&quot;yes&quot;}\" data-widget_type=\"video.default\">\n\t\t\t\t<div class=\"elementor-widget-container\">\n\t\t\t\t\t\t\t<div class=\"elementor-wrapper elementor-open-lightbox\">\n\t\t\t\t\t\t\t<div class=\"elementor-custom-embed-image-overlay\" data-elementor-open-lightbox=\"yes\" data-elementor-lightbox=\"{&quot;type&quot;:&quot;video&quot;,&quot;videoType&quot;:&quot;youtube&quot;,&quot;url&quot;:&quot;https:\\\/\\\/www.youtube.com\\\/embed\\\/SMImsNrdAXQ?feature=oembed&amp;start&amp;end&amp;wmode=opaque&amp;loop=0&amp;controls=1&amp;mute=0&amp;rel=0&amp;cc_load_policy=0&quot;,&quot;autoplay&quot;:&quot;&quot;,&quot;modalOptions&quot;:{&quot;id&quot;:&quot;elementor-lightbox-1cf9560&quot;,&quot;entranceAnimation&quot;:&quot;&quot;,&quot;entranceAnimation_tablet&quot;:&quot;&quot;,&quot;entranceAnimation_mobile&quot;:&quot;&quot;,&quot;videoAspectRatio&quot;:&quot;169&quot;}}\" data-e-action-hash=\"#elementor-action%3Aaction%3Dlightbox%26settings%3DeyJ0eXBlIjoidmlkZW8iLCJ2aWRlb1R5cGUiOiJ5b3V0dWJlIiwidXJsIjoiaHR0cHM6XC9cL3d3dy55b3V0dWJlLmNvbVwvZW1iZWRcL1NNSW1zTnJkQVhRP2ZlYXR1cmU9b2VtYmVkJnN0YXJ0JmVuZCZ3bW9kZT1vcGFxdWUmbG9vcD0wJmNvbnRyb2xzPTEmbXV0ZT0wJnJlbD0wJmNjX2xvYWRfcG9saWN5PTAiLCJhdXRvcGxheSI6IiIsIm1vZGFsT3B0aW9ucyI6eyJpZCI6ImVsZW1lbnRvci1saWdodGJveC0xY2Y5NTYwIiwiZW50cmFuY2VBbmltYXRpb24iOiIiLCJlbnRyYW5jZUFuaW1hdGlvbl90YWJsZXQiOiIiLCJlbnRyYW5jZUFuaW1hdGlvbl9tb2JpbGUiOiIiLCJ2aWRlb0FzcGVjdFJhdGlvIjoiMTY5In19\">\n\t\t\t\t\t\t\t\t\t\t\t<img fetchpriority=\"high\" decoding=\"async\" width=\"2560\" height=\"1440\" src=\"https:\/\/business.onoff.app\/wp-content\/uploads\/2025\/03\/B2B-product-motion-0-00-04-13-scaled.jpg\" class=\"attachment-full size-full wp-image-7772\" alt=\"Onoff Business, la t\u00e9l\u00e9phonie cloud de demain\" srcset=\"https:\/\/business.onoff.app\/wp-content\/uploads\/2025\/03\/B2B-product-motion-0-00-04-13-scaled.jpg 2560w, https:\/\/business.onoff.app\/wp-content\/uploads\/2025\/03\/B2B-product-motion-0-00-04-13-300x169.jpg 300w, https:\/\/business.onoff.app\/wp-content\/uploads\/2025\/03\/B2B-product-motion-0-00-04-13-1024x576.jpg 1024w, https:\/\/business.onoff.app\/wp-content\/uploads\/2025\/03\/B2B-product-motion-0-00-04-13-768x432.jpg 768w, https:\/\/business.onoff.app\/wp-content\/uploads\/2025\/03\/B2B-product-motion-0-00-04-13-1536x864.jpg 1536w, https:\/\/business.onoff.app\/wp-content\/uploads\/2025\/03\/B2B-product-motion-0-00-04-13-2048x1152.jpg 2048w\" sizes=\"(max-width: 2560px) 100vw, 2560px\" \/>\t\t\t\t\t\t\t\t\t\t\t\t\t\t\t\t<div class=\"elementor-custom-embed-play\" role=\"button\" aria-label=\"Lire la vid\u00e9o sur Onoff Business, la t\u00e9l\u00e9phonie cloud de demain\" tabindex=\"0\">\n\t\t\t\t\t\t\t<i aria-hidden=\"true\" class=\"eicon-play\"><\/i>\t\t\t\t\t\t<\/div>\n\t\t\t\t\t\t\t\t\t<\/div>\n\t\t\t\t\t<\/div>\n\t\t\t\t\t\t<\/div>\n\t\t\t\t<\/div>\n\t\t\t\t\t<\/div>\n\t\t<\/div>\n\t\t\t\t\t<\/div>\n\t\t<\/section>\n\t\t\t\t<section class=\"elementor-section elementor-top-section elementor-element elementor-element-4a31f26c elementor-section-content-middle elementor-reverse-mobile elementor-section-boxed elementor-section-height-default elementor-section-height-default wpr-particle-no wpr-jarallax-no wpr-parallax-no wpr-sticky-section-no\" data-id=\"4a31f26c\" data-element_type=\"section\">\n\t\t\t\t\t\t<div class=\"elementor-container elementor-column-gap-default\">\n\t\t\t\t\t<div class=\"elementor-column elementor-col-50 elementor-top-column elementor-element elementor-element-78482e92\" data-id=\"78482e92\" data-element_type=\"column\">\n\t\t\t<div class=\"elementor-widget-wrap elementor-element-populated\">\n\t\t\t\t\t\t<div class=\"elementor-element elementor-element-6da47f58 elementor-widget elementor-widget-html\" data-id=\"6da47f58\" data-element_type=\"widget\" data-widget_type=\"html.default\">\n\t\t\t\t<div class=\"elementor-widget-container\">\n\t\t\t\t\t<div style=\"text-align:center;\"><img decoding=\"async\" src=\"\/wp-content\/uploads\/2021\/11\/solution-business.png\" srcset=\"\/wp-content\/uploads\/2021\/11\/solution-business@2x.png 2x\"><\/div>\t\t\t\t<\/div>\n\t\t\t\t<\/div>\n\t\t\t\t\t<\/div>\n\t\t<\/div>\n\t\t\t\t<div class=\"elementor-column elementor-col-50 elementor-top-column elementor-element elementor-element-40496a75\" data-id=\"40496a75\" data-element_type=\"column\">\n\t\t\t<div class=\"elementor-widget-wrap elementor-element-populated\">\n\t\t\t\t\t\t<div class=\"elementor-element elementor-element-2184e14 elementor-widget elementor-widget-heading\" data-id=\"2184e14\" data-element_type=\"widget\" data-widget_type=\"heading.default\">\n\t\t\t\t<div class=\"elementor-widget-container\">\n\t\t\t\t\t<h2 class=\"elementor-heading-title elementor-size-default\">Une solution adapt\u00e9e \npour votre business<\/h2>\t\t\t\t<\/div>\n\t\t\t\t<\/div>\n\t\t\t\t<div class=\"elementor-element elementor-element-5cd38634 elementor-widget elementor-widget-text-editor\" data-id=\"5cd38634\" data-element_type=\"widget\" data-widget_type=\"text-editor.default\">\n\t\t\t\t<div class=\"elementor-widget-container\">\n\t\t\t\t\t\t\t\t\t<p>La solution Onoff Business s&#8217;adapte autant aux startups qui ont besoin de flexibilit\u00e9, qu\u2019aux entreprises plus grandes avec une organisation plus structur\u00e9e. Notre solution 100% d\u00e9mat\u00e9rialis\u00e9e facilite la gestion quotidienne de la flotte t\u00e9l\u00e9phonique professionnelle et rend la communication professionnelle pour les collaborateurs plus simple.<\/p>\t\t\t\t\t\t\t\t<\/div>\n\t\t\t\t<\/div>\n\t\t\t\t<div class=\"elementor-element elementor-element-bfcb19a elementor-widget elementor-widget-text-editor\" data-id=\"bfcb19a\" data-element_type=\"widget\" data-widget_type=\"text-editor.default\">\n\t\t\t\t<div class=\"elementor-widget-container\">\n\t\t\t\t\t\t\t\t\t<p><a style=\"color: #2dd08c;\" href=\"https:\/\/business.onoff.app\/fr\/solutions\/business-type\/\">D\u00e9couvrez nos solutions business &gt;<\/a><\/p>\t\t\t\t\t\t\t\t<\/div>\n\t\t\t\t<\/div>\n\t\t\t\t\t<\/div>\n\t\t<\/div>\n\t\t\t\t\t<\/div>\n\t\t<\/section>\n\t\t\t\t<section class=\"elementor-section elementor-top-section elementor-element elementor-element-c6c0fc9 elementor-section-content-middle elementor-section-boxed elementor-section-height-default elementor-section-height-default wpr-particle-no wpr-jarallax-no wpr-parallax-no wpr-sticky-section-no\" data-id=\"c6c0fc9\" data-element_type=\"section\">\n\t\t\t\t\t\t<div class=\"elementor-container elementor-column-gap-default\">\n\t\t\t\t\t<div class=\"elementor-column elementor-col-50 elementor-top-column elementor-element elementor-element-1e5aa0d\" data-id=\"1e5aa0d\" data-element_type=\"column\">\n\t\t\t<div class=\"elementor-widget-wrap elementor-element-populated\">\n\t\t\t\t\t\t<div class=\"elementor-element elementor-element-ebd1093 elementor-widget elementor-widget-heading\" data-id=\"ebd1093\" data-element_type=\"widget\" data-widget_type=\"heading.default\">\n\t\t\t\t<div class=\"elementor-widget-container\">\n\t\t\t\t\t<h2 class=\"elementor-heading-title elementor-size-default\">Une solution adapt\u00e9e \npour votre secteur<\/h2>\t\t\t\t<\/div>\n\t\t\t\t<\/div>\n\t\t\t\t<div class=\"elementor-element elementor-element-c795286 elementor-widget elementor-widget-text-editor\" data-id=\"c795286\" data-element_type=\"widget\" data-widget_type=\"text-editor.default\">\n\t\t\t\t<div class=\"elementor-widget-container\">\n\t\t\t\t\t\t\t\t\t<p>Du secteur automobile, \u00e0 l\u2019immobilier, en passant par<br \/>la construction, l\u2019offre Onoff Business r\u00e9pond \u00e0 l&#8217;ensemble<br \/>de vos besoins sp\u00e9cifiques.<\/p>\t\t\t\t\t\t\t\t<\/div>\n\t\t\t\t<\/div>\n\t\t\t\t<div class=\"elementor-element elementor-element-fc9253a elementor-widget elementor-widget-text-editor\" data-id=\"fc9253a\" data-element_type=\"widget\" data-widget_type=\"text-editor.default\">\n\t\t\t\t<div class=\"elementor-widget-container\">\n\t\t\t\t\t\t\t\t\t<p><a style=\"color: #2dd08c;\" href=\"https:\/\/business.onoff.app\/fr\/solutions\/secteurs\/\">Une solution Onoff Business selon votre secteur &gt;<\/a><\/p>\t\t\t\t\t\t\t\t<\/div>\n\t\t\t\t<\/div>\n\t\t\t\t\t<\/div>\n\t\t<\/div>\n\t\t\t\t<div class=\"elementor-column elementor-col-50 elementor-top-column elementor-element elementor-element-1c45d67\" data-id=\"1c45d67\" data-element_type=\"column\">\n\t\t\t<div class=\"elementor-widget-wrap elementor-element-populated\">\n\t\t\t\t\t\t<div class=\"elementor-element elementor-element-6c83bb6 elementor-widget elementor-widget-html\" data-id=\"6c83bb6\" data-element_type=\"widget\" data-widget_type=\"html.default\">\n\t\t\t\t<div class=\"elementor-widget-container\">\n\t\t\t\t\t<div style=\"text-align:center;\"><img decoding=\"async\" src=\"\/wp-content\/uploads\/2021\/11\/solution-secteur.png\" srcset=\"\/wp-content\/uploads\/2021\/11\/solution-secteur@2x.png 2x\"><\/div>\t\t\t\t<\/div>\n\t\t\t\t<\/div>\n\t\t\t\t\t<\/div>\n\t\t<\/div>\n\t\t\t\t\t<\/div>\n\t\t<\/section>\n\t\t\t\t<\/div>\n\t\t","protected":false},"excerpt":{"rendered":"<p>SOLUTIONS Solutions Onoff Business Vous souhaitez gagner du temps et de l\u2019argent sur la gestion de votre flotte t\u00e9l\u00e9phonique et augmenter la productivit\u00e9 de vos collaborateurs ? Onoff Business est fait pour vous !https:\/\/www.youtube.com\/watch?v=SMImsNrdAXQ Une solution adapt\u00e9e pour votre business La solution Onoff Business s&#8217;adapte autant aux startups qui ont besoin de flexibilit\u00e9, qu\u2019aux entreprises [&hellip;]<\/p>\n","protected":false},"author":1,"featured_media":0,"parent":0,"menu_order":0,"comment_status":"closed","ping_status":"closed","template":"","meta":{"content-type":"","footnotes":""},"class_list":["post-2643","page","type-page","status-publish","hentry"],"yoast_head":"<!-- This site is optimized with the Yoast SEO plugin v25.5 - https:\/\/yoast.com\/wordpress\/plugins\/seo\/ -->\n<title>Le t\u00e9l\u00e9phonie d&#039;entreprise qui s\u2019adapte \u00e0 vos besoins | Onoff Business<\/title>\n<meta name=\"description\" content=\"Onoff Business r\u00e9duit le temps de gestion et les d\u00e9penses li\u00e9es \u00e0 la t\u00e9l\u00e9phonie tout en simplifiant la communication professionnelle.\" \/>\n<meta name=\"robots\" content=\"index, follow, max-snippet:-1, max-image-preview:large, max-video-preview:-1\" \/>\n<link rel=\"canonical\" href=\"https:\/\/business.onoff.app\/fr\/solutions\/\" \/>\n<meta property=\"og:locale\" content=\"fr_FR\" \/>\n<meta property=\"og:type\" content=\"article\" \/>\n<meta property=\"og:title\" content=\"Le t\u00e9l\u00e9phonie d&#039;entreprise qui s\u2019adapte \u00e0 vos besoins | Onoff Business\" \/>\n<meta property=\"og:description\" content=\"Onoff Business r\u00e9duit le temps de gestion et les d\u00e9penses li\u00e9es \u00e0 la t\u00e9l\u00e9phonie tout en simplifiant la communication professionnelle.\" \/>\n<meta property=\"og:url\" content=\"https:\/\/business.onoff.app\/fr\/solutions\/\" \/>\n<meta property=\"article:modified_time\" content=\"2025-03-05T13:18:47+00:00\" \/>\n<meta name=\"twitter:card\" content=\"summary_large_image\" \/>\n<meta name=\"twitter:label1\" content=\"Dur\u00e9e de lecture estim\u00e9e\" \/>\n\t<meta name=\"twitter:data1\" content=\"2 minutes\" \/>\n<script type=\"application\/ld+json\" class=\"yoast-schema-graph\">{\"@context\":\"https:\/\/schema.org\",\"@graph\":[{\"@type\":\"WebPage\",\"@id\":\"https:\/\/business.onoff.app\/fr\/solutions\/\",\"url\":\"https:\/\/business.onoff.app\/fr\/solutions\/\",\"name\":\"Le t\u00e9l\u00e9phonie d'entreprise qui s\u2019adapte \u00e0 vos besoins | Onoff Business\",\"isPartOf\":{\"@id\":\"https:\/\/business.onoff.app\/fr\/#website\"},\"datePublished\":\"2021-12-15T16:33:54+00:00\",\"dateModified\":\"2025-03-05T13:18:47+00:00\",\"description\":\"Onoff Business r\u00e9duit le temps de gestion et les d\u00e9penses li\u00e9es \u00e0 la t\u00e9l\u00e9phonie tout en simplifiant la communication professionnelle.\",\"breadcrumb\":{\"@id\":\"https:\/\/business.onoff.app\/fr\/solutions\/#breadcrumb\"},\"inLanguage\":\"fr-FR\",\"potentialAction\":[{\"@type\":\"ReadAction\",\"target\":[\"https:\/\/business.onoff.app\/fr\/solutions\/\"]}]},{\"@type\":\"BreadcrumbList\",\"@id\":\"https:\/\/business.onoff.app\/fr\/solutions\/#breadcrumb\",\"itemListElement\":[{\"@type\":\"ListItem\",\"position\":1,\"name\":\"Accueil\",\"item\":\"https:\/\/business.onoff.app\/fr\/\"},{\"@type\":\"ListItem\",\"position\":2,\"name\":\"Solutions\"}]},{\"@type\":\"WebSite\",\"@id\":\"https:\/\/business.onoff.app\/fr\/#website\",\"url\":\"https:\/\/business.onoff.app\/fr\/\",\"name\":\"\",\"description\":\"\",\"potentialAction\":[{\"@type\":\"SearchAction\",\"target\":{\"@type\":\"EntryPoint\",\"urlTemplate\":\"https:\/\/business.onoff.app\/fr\/?s={search_term_string}\"},\"query-input\":{\"@type\":\"PropertyValueSpecification\",\"valueRequired\":true,\"valueName\":\"search_term_string\"}}],\"inLanguage\":\"fr-FR\"}]}<\/script>\n<!-- \/ Yoast SEO plugin. -->","yoast_head_json":{"title":"Le t\u00e9l\u00e9phonie d'entreprise qui s\u2019adapte \u00e0 vos besoins | Onoff Business","description":"Onoff Business r\u00e9duit le temps de gestion et les d\u00e9penses li\u00e9es \u00e0 la t\u00e9l\u00e9phonie tout en simplifiant la communication professionnelle.","robots":{"index":"index","follow":"follow","max-snippet":"max-snippet:-1","max-image-preview":"max-image-preview:large","max-video-preview":"max-video-preview:-1"},"canonical":"https:\/\/business.onoff.app\/fr\/solutions\/","og_locale":"fr_FR","og_type":"article","og_title":"Le t\u00e9l\u00e9phonie d'entreprise qui s\u2019adapte \u00e0 vos besoins | Onoff Business","og_description":"Onoff Business r\u00e9duit le temps de gestion et les d\u00e9penses li\u00e9es \u00e0 la t\u00e9l\u00e9phonie tout en simplifiant la communication professionnelle.","og_url":"https:\/\/business.onoff.app\/fr\/solutions\/","article_modified_time":"2025-03-05T13:18:47+00:00","twitter_card":"summary_large_image","twitter_misc":{"Dur\u00e9e de lecture estim\u00e9e":"2 minutes"},"schema":{"@context":"https:\/\/schema.org","@graph":[{"@type":"WebPage","@id":"https:\/\/business.onoff.app\/fr\/solutions\/","url":"https:\/\/business.onoff.app\/fr\/solutions\/","name":"Le t\u00e9l\u00e9phonie d'entreprise qui s\u2019adapte \u00e0 vos besoins | Onoff Business","isPartOf":{"@id":"https:\/\/business.onoff.app\/fr\/#website"},"datePublished":"2021-12-15T16:33:54+00:00","dateModified":"2025-03-05T13:18:47+00:00","description":"Onoff Business r\u00e9duit le temps de gestion et les d\u00e9penses li\u00e9es \u00e0 la t\u00e9l\u00e9phonie tout en simplifiant la communication professionnelle.","breadcrumb":{"@id":"https:\/\/business.onoff.app\/fr\/solutions\/#breadcrumb"},"inLanguage":"fr-FR","potentialAction":[{"@type":"ReadAction","target":["https:\/\/business.onoff.app\/fr\/solutions\/"]}]},{"@type":"BreadcrumbList","@id":"https:\/\/business.onoff.app\/fr\/solutions\/#breadcrumb","itemListElement":[{"@type":"ListItem","position":1,"name":"Accueil","item":"https:\/\/business.onoff.app\/fr\/"},{"@type":"ListItem","position":2,"name":"Solutions"}]},{"@type":"WebSite","@id":"https:\/\/business.onoff.app\/fr\/#website","url":"https:\/\/business.onoff.app\/fr\/","name":"","description":"","potentialAction":[{"@type":"SearchAction","target":{"@type":"EntryPoint","urlTemplate":"https:\/\/business.onoff.app\/fr\/?s={search_term_string}"},"query-input":{"@type":"PropertyValueSpecification","valueRequired":true,"valueName":"search_term_string"}}],"inLanguage":"fr-FR"}]}},"_links":{"self":[{"href":"https:\/\/business.onoff.app\/fr\/wp-json\/wp\/v2\/pages\/2643","targetHints":{"allow":["GET"]}}],"collection":[{"href":"https:\/\/business.onoff.app\/fr\/wp-json\/wp\/v2\/pages"}],"about":[{"href":"https:\/\/business.onoff.app\/fr\/wp-json\/wp\/v2\/types\/page"}],"author":[{"embeddable":true,"href":"https:\/\/business.onoff.app\/fr\/wp-json\/wp\/v2\/users\/1"}],"replies":[{"embeddable":true,"href":"https:\/\/business.onoff.app\/fr\/wp-json\/wp\/v2\/comments?post=2643"}],"version-history":[{"count":0,"href":"https:\/\/business.onoff.app\/fr\/wp-json\/wp\/v2\/pages\/2643\/revisions"}],"wp:attachment":[{"href":"https:\/\/business.onoff.app\/fr\/wp-json\/wp\/v2\/media?parent=2643"}],"curies":[{"name":"wp","href":"https:\/\/api.w.org\/{rel}","templated":true}]}}