{"id":2506,"date":"2021-10-25T18:06:11","date_gmt":"2021-10-25T17:06:11","guid":{"rendered":"https:\/\/business.onoff.app\/?page_id=2506"},"modified":"2025-03-03T14:38:52","modified_gmt":"2025-03-03T13:38:52","slug":"plateforme","status":"publish","type":"page","link":"https:\/\/business.onoff.app\/fr\/fonctionnalites\/plateforme\/","title":{"rendered":"Plateforme"},"content":{"rendered":"\t\t<div data-elementor-type=\"wp-page\" data-elementor-id=\"2506\" class=\"elementor elementor-2506\" data-elementor-post-type=\"page\">\n\t\t\t\t\t\t<section class=\"elementor-section elementor-top-section elementor-element elementor-element-122870e7 elementor-section-content-middle elementor-section-boxed elementor-section-height-default elementor-section-height-default wpr-particle-no wpr-jarallax-no wpr-parallax-no wpr-sticky-section-no\" data-id=\"122870e7\" data-element_type=\"section\" data-settings=\"{&quot;shape_divider_bottom&quot;:&quot;curve&quot;}\">\n\t\t\t\t\t\t\t<div class=\"elementor-background-overlay\"><\/div>\n\t\t\t\t\t\t<div class=\"elementor-shape elementor-shape-bottom\" data-negative=\"false\">\n\t\t\t<svg xmlns=\"http:\/\/www.w3.org\/2000\/svg\" viewBox=\"0 0 1000 100\" preserveAspectRatio=\"none\">\n    <path class=\"elementor-shape-fill\" d=\"M1000,4.3V0H0v4.3C0.9,23.1,126.7,99.2,500,100S1000,22.7,1000,4.3z\"\/>\n<\/svg>\t\t<\/div>\n\t\t\t\t\t<div class=\"elementor-container elementor-column-gap-default\">\n\t\t\t\t\t<div class=\"elementor-column elementor-col-100 elementor-top-column elementor-element elementor-element-566ee348\" data-id=\"566ee348\" data-element_type=\"column\">\n\t\t\t<div class=\"elementor-widget-wrap elementor-element-populated\">\n\t\t\t\t\t\t<div class=\"elementor-element elementor-element-4ee9b5c e-transform elementor-widget elementor-widget-html\" data-id=\"4ee9b5c\" data-element_type=\"widget\" data-settings=\"{&quot;_transform_scale_effect&quot;:{&quot;unit&quot;:&quot;px&quot;,&quot;size&quot;:1.4,&quot;sizes&quot;:[]},&quot;_transform_scale_effect_tablet&quot;:{&quot;unit&quot;:&quot;px&quot;,&quot;size&quot;:&quot;&quot;,&quot;sizes&quot;:[]},&quot;_transform_scale_effect_mobile&quot;:{&quot;unit&quot;:&quot;px&quot;,&quot;size&quot;:&quot;&quot;,&quot;sizes&quot;:[]}}\" data-widget_type=\"html.default\">\n\t\t\t\t<div class=\"elementor-widget-container\">\n\t\t\t\t\t<div style=\"text-align:center;\"><img decoding=\"async\" style=\"margin:auto;\" src=\"https:\/\/welcome.onoffbusiness.com\/hubfs\/Features\/macbook.png\" srcset=\"https:\/\/welcome.onoffbusiness.com\/hubfs\/Features\/macbook.png 2x\"><\/div>\t\t\t\t<\/div>\n\t\t\t\t<\/div>\n\t\t\t\t\t<\/div>\n\t\t<\/div>\n\t\t\t\t\t<\/div>\n\t\t<\/section>\n\t\t\t\t<section class=\"elementor-section elementor-top-section elementor-element elementor-element-711c282a elementor-section-content-middle elementor-section-boxed elementor-section-height-default elementor-section-height-default wpr-particle-no wpr-jarallax-no wpr-parallax-no wpr-sticky-section-no\" data-id=\"711c282a\" data-element_type=\"section\">\n\t\t\t\t\t\t<div class=\"elementor-container elementor-column-gap-default\">\n\t\t\t\t\t<div class=\"elementor-column elementor-col-100 elementor-top-column elementor-element elementor-element-45b9b3ae\" data-id=\"45b9b3ae\" data-element_type=\"column\">\n\t\t\t<div class=\"elementor-widget-wrap elementor-element-populated\">\n\t\t\t\t\t\t<div class=\"elementor-element elementor-element-f7ec246 elementor-widget elementor-widget-heading\" data-id=\"f7ec246\" data-element_type=\"widget\" data-widget_type=\"heading.default\">\n\t\t\t\t<div class=\"elementor-widget-container\">\n\t\t\t\t\t<h1 class=\"elementor-heading-title elementor-size-default\">Une plateforme de t\u00e9l\u00e9phonie<br> innovante \u00e0 votre service<\/h1>\t\t\t\t<\/div>\n\t\t\t\t<\/div>\n\t\t\t\t<div class=\"elementor-element elementor-element-a2ff292 elementor-widget elementor-widget-text-editor\" data-id=\"a2ff292\" data-element_type=\"widget\" data-widget_type=\"text-editor.default\">\n\t\t\t\t<div class=\"elementor-widget-container\">\n\t\t\t\t\t\t\t\t\t<p>Gr\u00e2ce \u00e0 l&#8217;interface d&#8217;administration de gestion t\u00e9l\u00e9phonique Onoff Business, ajoutez de nouveaux collaborateurs et attribuez-les des num\u00e9ros mobiles en quelques clics ! Lib\u00e9rez le potentiel de votre \u00e9quipe avec une solution innovante de t\u00e9l\u00e9phonie d\u00e9mat\u00e9rialis\u00e9e.\u00a0<\/p>\t\t\t\t\t\t\t\t<\/div>\n\t\t\t\t<\/div>\n\t\t\t\t<div class=\"elementor-element elementor-element-7987da93 elementor-align-center elementor-widget elementor-widget-button\" data-id=\"7987da93\" data-element_type=\"widget\" data-widget_type=\"button.default\">\n\t\t\t\t<div class=\"elementor-widget-container\">\n\t\t\t\t\t\t\t\t\t<div class=\"elementor-button-wrapper\">\n\t\t\t\t\t<a class=\"elementor-button elementor-button-link elementor-size-sm\" href=\"https:\/\/business.onoff.app\/fr\/fonctionnalites\/plateforme\/interface-d-administration\/\">\n\t\t\t\t\t\t<span class=\"elementor-button-content-wrapper\">\n\t\t\t\t\t\t\t\t\t<span class=\"elementor-button-text\">D\u00e9couvrir l'interface d'administration<\/span>\n\t\t\t\t\t<\/span>\n\t\t\t\t\t<\/a>\n\t\t\t\t<\/div>\n\t\t\t\t\t\t\t\t<\/div>\n\t\t\t\t<\/div>\n\t\t\t\t\t<\/div>\n\t\t<\/div>\n\t\t\t\t\t<\/div>\n\t\t<\/section>\n\t\t\t\t<\/div>\n\t\t","protected":false},"excerpt":{"rendered":"<p>Une plateforme de t\u00e9l\u00e9phonie innovante \u00e0 votre service Gr\u00e2ce \u00e0 l&#8217;interface d&#8217;administration de gestion t\u00e9l\u00e9phonique Onoff Business, ajoutez de nouveaux collaborateurs et attribuez-les des num\u00e9ros mobiles en quelques clics ! Lib\u00e9rez le potentiel de votre \u00e9quipe avec une solution innovante de t\u00e9l\u00e9phonie d\u00e9mat\u00e9rialis\u00e9e.\u00a0 D\u00e9couvrir l&#8217;interface d&#8217;administration<\/p>\n","protected":false},"author":1,"featured_media":0,"parent":2500,"menu_order":0,"comment_status":"closed","ping_status":"closed","template":"","meta":{"content-type":"","footnotes":""},"class_list":["post-2506","page","type-page","status-publish","hentry"],"yoast_head":"<!-- This site is optimized with the Yoast SEO plugin v25.5 - https:\/\/yoast.com\/wordpress\/plugins\/seo\/ -->\n<title>Plateforme de t\u00e9l\u00e9phonie innovante | Onoff Business<\/title>\n<meta name=\"description\" content=\"Gr\u00e2ce \u00e0 la plateforme de gestion t\u00e9l\u00e9phonique Onoff Business, ajoutez de nouveaux collaborateurs et attribuez des num\u00e9ros mobiles...\" \/>\n<meta name=\"robots\" content=\"index, follow, max-snippet:-1, max-image-preview:large, max-video-preview:-1\" \/>\n<link rel=\"canonical\" href=\"https:\/\/business.onoff.app\/fr\/fonctionnalites\/plateforme\/\" \/>\n<meta property=\"og:locale\" content=\"fr_FR\" \/>\n<meta property=\"og:type\" content=\"article\" \/>\n<meta property=\"og:title\" content=\"Plateforme de t\u00e9l\u00e9phonie innovante | Onoff Business\" \/>\n<meta property=\"og:description\" content=\"Gr\u00e2ce \u00e0 la plateforme de gestion t\u00e9l\u00e9phonique Onoff Business, ajoutez de nouveaux collaborateurs et attribuez des num\u00e9ros mobiles...\" \/>\n<meta property=\"og:url\" content=\"https:\/\/business.onoff.app\/fr\/fonctionnalites\/plateforme\/\" \/>\n<meta property=\"article:modified_time\" content=\"2025-03-03T13:38:52+00:00\" \/>\n<meta property=\"og:image\" content=\"https:\/\/welcome.onoffbusiness.com\/hubfs\/Features\/macbook.png\" \/>\n<meta name=\"twitter:card\" content=\"summary_large_image\" \/>\n<meta name=\"twitter:label1\" content=\"Dur\u00e9e de lecture estim\u00e9e\" \/>\n\t<meta name=\"twitter:data1\" content=\"1 minute\" \/>\n<script type=\"application\/ld+json\" class=\"yoast-schema-graph\">{\"@context\":\"https:\/\/schema.org\",\"@graph\":[{\"@type\":\"WebPage\",\"@id\":\"https:\/\/business.onoff.app\/fr\/fonctionnalites\/plateforme\/\",\"url\":\"https:\/\/business.onoff.app\/fr\/fonctionnalites\/plateforme\/\",\"name\":\"Plateforme de t\u00e9l\u00e9phonie innovante | Onoff Business\",\"isPartOf\":{\"@id\":\"https:\/\/business.onoff.app\/fr\/#website\"},\"primaryImageOfPage\":{\"@id\":\"https:\/\/business.onoff.app\/fr\/fonctionnalites\/plateforme\/#primaryimage\"},\"image\":{\"@id\":\"https:\/\/business.onoff.app\/fr\/fonctionnalites\/plateforme\/#primaryimage\"},\"thumbnailUrl\":\"https:\/\/welcome.onoffbusiness.com\/hubfs\/Features\/macbook.png\",\"datePublished\":\"2021-10-25T17:06:11+00:00\",\"dateModified\":\"2025-03-03T13:38:52+00:00\",\"description\":\"Gr\u00e2ce \u00e0 la plateforme de gestion t\u00e9l\u00e9phonique Onoff Business, ajoutez de nouveaux collaborateurs et attribuez des num\u00e9ros mobiles...\",\"breadcrumb\":{\"@id\":\"https:\/\/business.onoff.app\/fr\/fonctionnalites\/plateforme\/#breadcrumb\"},\"inLanguage\":\"fr-FR\",\"potentialAction\":[{\"@type\":\"ReadAction\",\"target\":[\"https:\/\/business.onoff.app\/fr\/fonctionnalites\/plateforme\/\"]}]},{\"@type\":\"ImageObject\",\"inLanguage\":\"fr-FR\",\"@id\":\"https:\/\/business.onoff.app\/fr\/fonctionnalites\/plateforme\/#primaryimage\",\"url\":\"https:\/\/welcome.onoffbusiness.com\/hubfs\/Features\/macbook.png\",\"contentUrl\":\"https:\/\/welcome.onoffbusiness.com\/hubfs\/Features\/macbook.png\"},{\"@type\":\"BreadcrumbList\",\"@id\":\"https:\/\/business.onoff.app\/fr\/fonctionnalites\/plateforme\/#breadcrumb\",\"itemListElement\":[{\"@type\":\"ListItem\",\"position\":1,\"name\":\"Accueil\",\"item\":\"https:\/\/business.onoff.app\/fr\/\"},{\"@type\":\"ListItem\",\"position\":2,\"name\":\"Fonctionnalit\u00e9s\",\"item\":\"https:\/\/business.onoff.app\/fr\/fonctionnalites\/\"},{\"@type\":\"ListItem\",\"position\":3,\"name\":\"Plateforme\"}]},{\"@type\":\"WebSite\",\"@id\":\"https:\/\/business.onoff.app\/fr\/#website\",\"url\":\"https:\/\/business.onoff.app\/fr\/\",\"name\":\"\",\"description\":\"\",\"potentialAction\":[{\"@type\":\"SearchAction\",\"target\":{\"@type\":\"EntryPoint\",\"urlTemplate\":\"https:\/\/business.onoff.app\/fr\/?s={search_term_string}\"},\"query-input\":{\"@type\":\"PropertyValueSpecification\",\"valueRequired\":true,\"valueName\":\"search_term_string\"}}],\"inLanguage\":\"fr-FR\"}]}<\/script>\n<!-- \/ Yoast SEO plugin. -->","yoast_head_json":{"title":"Plateforme de t\u00e9l\u00e9phonie innovante | Onoff Business","description":"Gr\u00e2ce \u00e0 la plateforme de gestion t\u00e9l\u00e9phonique Onoff Business, ajoutez de nouveaux collaborateurs et attribuez des num\u00e9ros mobiles...","robots":{"index":"index","follow":"follow","max-snippet":"max-snippet:-1","max-image-preview":"max-image-preview:large","max-video-preview":"max-video-preview:-1"},"canonical":"https:\/\/business.onoff.app\/fr\/fonctionnalites\/plateforme\/","og_locale":"fr_FR","og_type":"article","og_title":"Plateforme de t\u00e9l\u00e9phonie innovante | Onoff Business","og_description":"Gr\u00e2ce \u00e0 la plateforme de gestion t\u00e9l\u00e9phonique Onoff Business, ajoutez de nouveaux collaborateurs et attribuez des num\u00e9ros mobiles...","og_url":"https:\/\/business.onoff.app\/fr\/fonctionnalites\/plateforme\/","article_modified_time":"2025-03-03T13:38:52+00:00","og_image":[{"url":"https:\/\/welcome.onoffbusiness.com\/hubfs\/Features\/macbook.png","type":"","width":"","height":""}],"twitter_card":"summary_large_image","twitter_misc":{"Dur\u00e9e de lecture estim\u00e9e":"1 minute"},"schema":{"@context":"https:\/\/schema.org","@graph":[{"@type":"WebPage","@id":"https:\/\/business.onoff.app\/fr\/fonctionnalites\/plateforme\/","url":"https:\/\/business.onoff.app\/fr\/fonctionnalites\/plateforme\/","name":"Plateforme de t\u00e9l\u00e9phonie innovante | Onoff Business","isPartOf":{"@id":"https:\/\/business.onoff.app\/fr\/#website"},"primaryImageOfPage":{"@id":"https:\/\/business.onoff.app\/fr\/fonctionnalites\/plateforme\/#primaryimage"},"image":{"@id":"https:\/\/business.onoff.app\/fr\/fonctionnalites\/plateforme\/#primaryimage"},"thumbnailUrl":"https:\/\/welcome.onoffbusiness.com\/hubfs\/Features\/macbook.png","datePublished":"2021-10-25T17:06:11+00:00","dateModified":"2025-03-03T13:38:52+00:00","description":"Gr\u00e2ce \u00e0 la plateforme de gestion t\u00e9l\u00e9phonique Onoff Business, ajoutez de nouveaux collaborateurs et attribuez des num\u00e9ros mobiles...","breadcrumb":{"@id":"https:\/\/business.onoff.app\/fr\/fonctionnalites\/plateforme\/#breadcrumb"},"inLanguage":"fr-FR","potentialAction":[{"@type":"ReadAction","target":["https:\/\/business.onoff.app\/fr\/fonctionnalites\/plateforme\/"]}]},{"@type":"ImageObject","inLanguage":"fr-FR","@id":"https:\/\/business.onoff.app\/fr\/fonctionnalites\/plateforme\/#primaryimage","url":"https:\/\/welcome.onoffbusiness.com\/hubfs\/Features\/macbook.png","contentUrl":"https:\/\/welcome.onoffbusiness.com\/hubfs\/Features\/macbook.png"},{"@type":"BreadcrumbList","@id":"https:\/\/business.onoff.app\/fr\/fonctionnalites\/plateforme\/#breadcrumb","itemListElement":[{"@type":"ListItem","position":1,"name":"Accueil","item":"https:\/\/business.onoff.app\/fr\/"},{"@type":"ListItem","position":2,"name":"Fonctionnalit\u00e9s","item":"https:\/\/business.onoff.app\/fr\/fonctionnalites\/"},{"@type":"ListItem","position":3,"name":"Plateforme"}]},{"@type":"WebSite","@id":"https:\/\/business.onoff.app\/fr\/#website","url":"https:\/\/business.onoff.app\/fr\/","name":"","description":"","potentialAction":[{"@type":"SearchAction","target":{"@type":"EntryPoint","urlTemplate":"https:\/\/business.onoff.app\/fr\/?s={search_term_string}"},"query-input":{"@type":"PropertyValueSpecification","valueRequired":true,"valueName":"search_term_string"}}],"inLanguage":"fr-FR"}]}},"_links":{"self":[{"href":"https:\/\/business.onoff.app\/fr\/wp-json\/wp\/v2\/pages\/2506","targetHints":{"allow":["GET"]}}],"collection":[{"href":"https:\/\/business.onoff.app\/fr\/wp-json\/wp\/v2\/pages"}],"about":[{"href":"https:\/\/business.onoff.app\/fr\/wp-json\/wp\/v2\/types\/page"}],"author":[{"embeddable":true,"href":"https:\/\/business.onoff.app\/fr\/wp-json\/wp\/v2\/users\/1"}],"replies":[{"embeddable":true,"href":"https:\/\/business.onoff.app\/fr\/wp-json\/wp\/v2\/comments?post=2506"}],"version-history":[{"count":0,"href":"https:\/\/business.onoff.app\/fr\/wp-json\/wp\/v2\/pages\/2506\/revisions"}],"up":[{"embeddable":true,"href":"https:\/\/business.onoff.app\/fr\/wp-json\/wp\/v2\/pages\/2500"}],"wp:attachment":[{"href":"https:\/\/business.onoff.app\/fr\/wp-json\/wp\/v2\/media?parent=2506"}],"curies":[{"name":"wp","href":"https:\/\/api.w.org\/{rel}","templated":true}]}}