{"id":2500,"date":"2021-10-21T20:38:26","date_gmt":"2021-10-21T19:38:26","guid":{"rendered":"https:\/\/business.onoff.app\/?page_id=2500"},"modified":"2025-03-04T13:58:19","modified_gmt":"2025-03-04T12:58:19","slug":"fonctionnalites","status":"publish","type":"page","link":"https:\/\/business.onoff.app\/fr\/fonctionnalites\/","title":{"rendered":"Fonctionnalit\u00e9s"},"content":{"rendered":"\t\t<div data-elementor-type=\"wp-page\" data-elementor-id=\"2500\" class=\"elementor elementor-2500\" data-elementor-post-type=\"page\">\n\t\t\t\t\t\t<section class=\"elementor-section elementor-top-section elementor-element elementor-element-22e7bba elementor-section-boxed elementor-section-height-default elementor-section-height-default wpr-particle-no wpr-jarallax-no wpr-parallax-no wpr-sticky-section-no\" data-id=\"22e7bba\" data-element_type=\"section\">\n\t\t\t\t\t\t<div class=\"elementor-container elementor-column-gap-default\">\n\t\t\t\t\t<div class=\"elementor-column elementor-col-100 elementor-top-column elementor-element elementor-element-566ee348\" data-id=\"566ee348\" data-element_type=\"column\">\n\t\t\t<div class=\"elementor-widget-wrap elementor-element-populated\">\n\t\t\t\t\t\t<div class=\"elementor-element elementor-element-543b79a9 elementor-widget elementor-widget-heading\" data-id=\"543b79a9\" data-element_type=\"widget\" data-widget_type=\"heading.default\">\n\t\t\t\t<div class=\"elementor-widget-container\">\n\t\t\t\t\t<h1 class=\"elementor-heading-title elementor-size-default\">D\u00e9couvrez toutes les fonctionnalit\u00e9s <br>d\u2019Onoff Business<\/h1>\t\t\t\t<\/div>\n\t\t\t\t<\/div>\n\t\t\t\t<div class=\"elementor-element elementor-element-5fdaa87f elementor-widget__width-initial elementor-widget elementor-widget-text-editor\" data-id=\"5fdaa87f\" data-element_type=\"widget\" data-widget_type=\"text-editor.default\">\n\t\t\t\t<div class=\"elementor-widget-container\">\n\t\t\t\t\t\t\t\t\t<p style=\"text-align: center;\">Fonctionnalit\u00e9s Onoff Business : Notre solution de t\u00e9l\u00e9phonie professionnelle avanc\u00e9e Onoff Business, se compose d\u2019une interface d&#8217;administration de num\u00e9ro mobile en ligne et d\u2019une application t\u00e9l\u00e9chargeable sur les portables et utilisable sur le web.\u00a0<a style=\"letter-spacing: -0.8px; background-color: #ffffff;\" href=\"https:\/\/business.onoff.app\/fr\/offres\/\"><span style=\"letter-spacing: -0.8px;\">D\u00e9couvrez la liste de nos fonctionnalit\u00e9s Onoff Business et comparez nos offres.<\/span><\/a><\/p>\t\t\t\t\t\t\t\t<\/div>\n\t\t\t\t<\/div>\n\t\t\t\t\t<\/div>\n\t\t<\/div>\n\t\t\t\t\t<\/div>\n\t\t<\/section>\n\t\t\t\t<section class=\"elementor-section elementor-top-section elementor-element elementor-element-18dbc9e elementor-section-boxed elementor-section-height-default elementor-section-height-default wpr-particle-no wpr-jarallax-no wpr-parallax-no wpr-sticky-section-no\" data-id=\"18dbc9e\" data-element_type=\"section\">\n\t\t\t\t\t\t<div class=\"elementor-container elementor-column-gap-default\">\n\t\t\t\t\t<div class=\"elementor-column elementor-col-100 elementor-top-column elementor-element elementor-element-87aff71\" data-id=\"87aff71\" data-element_type=\"column\">\n\t\t\t<div class=\"elementor-widget-wrap elementor-element-populated\">\n\t\t\t\t\t\t<div class=\"elementor-element elementor-element-ecfb067 elementor-widget elementor-widget-video\" data-id=\"ecfb067\" data-element_type=\"widget\" data-settings=\"{&quot;youtube_url&quot;:&quot;https:\\\/\\\/youtu.be\\\/2l5Eo4YVSv4&quot;,&quot;show_image_overlay&quot;:&quot;yes&quot;,&quot;image_overlay&quot;:{&quot;url&quot;:&quot;https:\\\/\\\/business.onoff.app\\\/wp-content\\\/uploads\\\/2025\\\/03\\\/B2B-product-motion-0-00-04-13-scaled.jpg&quot;,&quot;id&quot;:7772,&quot;size&quot;:&quot;&quot;,&quot;alt&quot;:&quot;Onoff Business, la t\\u00e9l\\u00e9phonie cloud de demain&quot;,&quot;source&quot;:&quot;library&quot;},&quot;lightbox&quot;:&quot;yes&quot;,&quot;video_type&quot;:&quot;youtube&quot;,&quot;controls&quot;:&quot;yes&quot;}\" data-widget_type=\"video.default\">\n\t\t\t\t<div class=\"elementor-widget-container\">\n\t\t\t\t\t\t\t<div class=\"elementor-wrapper elementor-open-lightbox\">\n\t\t\t\t\t\t\t<div class=\"elementor-custom-embed-image-overlay\" data-elementor-open-lightbox=\"yes\" data-elementor-lightbox=\"{&quot;type&quot;:&quot;video&quot;,&quot;videoType&quot;:&quot;youtube&quot;,&quot;url&quot;:&quot;https:\\\/\\\/www.youtube.com\\\/embed\\\/2l5Eo4YVSv4?feature=oembed&amp;start&amp;end&amp;wmode=opaque&amp;loop=0&amp;controls=1&amp;mute=0&amp;rel=0&amp;cc_load_policy=0&quot;,&quot;autoplay&quot;:&quot;&quot;,&quot;modalOptions&quot;:{&quot;id&quot;:&quot;elementor-lightbox-ecfb067&quot;,&quot;entranceAnimation&quot;:&quot;&quot;,&quot;entranceAnimation_tablet&quot;:&quot;&quot;,&quot;entranceAnimation_mobile&quot;:&quot;&quot;,&quot;videoAspectRatio&quot;:&quot;169&quot;}}\" data-e-action-hash=\"#elementor-action%3Aaction%3Dlightbox%26settings%3DeyJ0eXBlIjoidmlkZW8iLCJ2aWRlb1R5cGUiOiJ5b3V0dWJlIiwidXJsIjoiaHR0cHM6XC9cL3d3dy55b3V0dWJlLmNvbVwvZW1iZWRcLzJsNUVvNFlWU3Y0P2ZlYXR1cmU9b2VtYmVkJnN0YXJ0JmVuZCZ3bW9kZT1vcGFxdWUmbG9vcD0wJmNvbnRyb2xzPTEmbXV0ZT0wJnJlbD0wJmNjX2xvYWRfcG9saWN5PTAiLCJhdXRvcGxheSI6IiIsIm1vZGFsT3B0aW9ucyI6eyJpZCI6ImVsZW1lbnRvci1saWdodGJveC1lY2ZiMDY3IiwiZW50cmFuY2VBbmltYXRpb24iOiIiLCJlbnRyYW5jZUFuaW1hdGlvbl90YWJsZXQiOiIiLCJlbnRyYW5jZUFuaW1hdGlvbl9tb2JpbGUiOiIiLCJ2aWRlb0FzcGVjdFJhdGlvIjoiMTY5In19\">\n\t\t\t\t\t\t\t\t\t\t\t<img fetchpriority=\"high\" decoding=\"async\" width=\"2560\" height=\"1440\" src=\"https:\/\/business.onoff.app\/wp-content\/uploads\/2025\/03\/B2B-product-motion-0-00-04-13-scaled.jpg\" class=\"attachment-full size-full wp-image-7772\" alt=\"Onoff Business, la t\u00e9l\u00e9phonie cloud de demain\" srcset=\"https:\/\/business.onoff.app\/wp-content\/uploads\/2025\/03\/B2B-product-motion-0-00-04-13-scaled.jpg 2560w, https:\/\/business.onoff.app\/wp-content\/uploads\/2025\/03\/B2B-product-motion-0-00-04-13-300x169.jpg 300w, https:\/\/business.onoff.app\/wp-content\/uploads\/2025\/03\/B2B-product-motion-0-00-04-13-1024x576.jpg 1024w, https:\/\/business.onoff.app\/wp-content\/uploads\/2025\/03\/B2B-product-motion-0-00-04-13-768x432.jpg 768w, https:\/\/business.onoff.app\/wp-content\/uploads\/2025\/03\/B2B-product-motion-0-00-04-13-1536x864.jpg 1536w, https:\/\/business.onoff.app\/wp-content\/uploads\/2025\/03\/B2B-product-motion-0-00-04-13-2048x1152.jpg 2048w\" sizes=\"(max-width: 2560px) 100vw, 2560px\" \/>\t\t\t\t\t\t\t\t\t\t\t\t\t\t\t\t<div class=\"elementor-custom-embed-play\" role=\"button\" aria-label=\"Lire la vid\u00e9o sur Onoff Business, la t\u00e9l\u00e9phonie cloud de demain\" tabindex=\"0\">\n\t\t\t\t\t\t\t<i aria-hidden=\"true\" class=\"eicon-play\"><\/i>\t\t\t\t\t\t<\/div>\n\t\t\t\t\t\t\t\t\t<\/div>\n\t\t\t\t\t<\/div>\n\t\t\t\t\t\t<\/div>\n\t\t\t\t<\/div>\n\t\t\t\t\t<\/div>\n\t\t<\/div>\n\t\t\t\t\t<\/div>\n\t\t<\/section>\n\t\t\t\t<section class=\"elementor-section elementor-top-section elementor-element elementor-element-122870e7 elementor-section-content-middle elementor-section-boxed elementor-section-height-default elementor-section-height-default wpr-particle-no wpr-jarallax-no wpr-parallax-no wpr-sticky-section-no\" data-id=\"122870e7\" data-element_type=\"section\" data-settings=\"{&quot;shape_divider_bottom&quot;:&quot;curve&quot;}\">\n\t\t\t\t\t\t\t<div class=\"elementor-background-overlay\"><\/div>\n\t\t\t\t\t\t<div class=\"elementor-shape elementor-shape-bottom\" data-negative=\"false\">\n\t\t\t<svg xmlns=\"http:\/\/www.w3.org\/2000\/svg\" viewBox=\"0 0 1000 100\" preserveAspectRatio=\"none\">\n    <path class=\"elementor-shape-fill\" d=\"M1000,4.3V0H0v4.3C0.9,23.1,126.7,99.2,500,100S1000,22.7,1000,4.3z\"\/>\n<\/svg>\t\t<\/div>\n\t\t\t\t\t<div class=\"elementor-container elementor-column-gap-default\">\n\t\t\t\t\t<div class=\"elementor-column elementor-col-100 elementor-top-column elementor-element elementor-element-e9cdf78\" data-id=\"e9cdf78\" data-element_type=\"column\">\n\t\t\t<div class=\"elementor-widget-wrap\">\n\t\t\t\t\t\t\t<\/div>\n\t\t<\/div>\n\t\t\t\t\t<\/div>\n\t\t<\/section>\n\t\t\t\t<section class=\"elementor-section elementor-top-section elementor-element elementor-element-25d2aa3 elementor-section-height-min-height elementor-section-items-top elementor-section-boxed elementor-section-height-default wpr-particle-no wpr-jarallax-no wpr-parallax-no wpr-sticky-section-no\" data-id=\"25d2aa3\" data-element_type=\"section\">\n\t\t\t\t\t\t<div class=\"elementor-container elementor-column-gap-default\">\n\t\t\t\t\t<div class=\"elementor-column elementor-col-50 elementor-top-column elementor-element elementor-element-951fa63\" data-id=\"951fa63\" data-element_type=\"column\" data-settings=\"{&quot;background_background&quot;:&quot;classic&quot;}\">\n\t\t\t<div class=\"elementor-widget-wrap elementor-element-populated\">\n\t\t\t\t\t\t<div class=\"elementor-element elementor-element-e7cb464 elementor-widget elementor-widget-heading\" data-id=\"e7cb464\" data-element_type=\"widget\" data-widget_type=\"heading.default\">\n\t\t\t\t<div class=\"elementor-widget-container\">\n\t\t\t\t\t<h2 class=\"elementor-heading-title elementor-size-default\">Fonctionnalit\u00e9s de l'interface d'administration en ligne<\/h2>\t\t\t\t<\/div>\n\t\t\t\t<\/div>\n\t\t\t\t<div class=\"elementor-element elementor-element-6c1b135 elementor-widget elementor-widget-text-editor\" data-id=\"6c1b135\" data-element_type=\"widget\" data-widget_type=\"text-editor.default\">\n\t\t\t\t<div class=\"elementor-widget-container\">\n\t\t\t\t\t\t\t\t\t<p>G\u00e9rez votre flotte t\u00e9l\u00e9phonique <a href=\"https:\/\/business.onoff.app\/fr\/fonctionnalites\/plateforme\/interface-d-administration\/\">gr\u00e2ce \u00e0 la plateforme d\u00e9di\u00e9e d\u2019Onoff Business<\/a>, vous permettant d\u2019attribuer, r\u00e9attribuer, conserver et supprimer des num\u00e9ros de t\u00e9l\u00e9phone professionnels.<\/p>\t\t\t\t\t\t\t\t<\/div>\n\t\t\t\t<\/div>\n\t\t\t\t<div class=\"elementor-element elementor-element-d3e2a2a elementor-widget elementor-widget-text-editor\" data-id=\"d3e2a2a\" data-element_type=\"widget\" data-widget_type=\"text-editor.default\">\n\t\t\t\t<div class=\"elementor-widget-container\">\n\t\t\t\t\t\t\t\t\t<p><a style=\"color: #2dd08c;\" href=\"https:\/\/business.onoff.app\/fr\/fonctionnalites\/plateforme\">D\u00e9couvrir &gt;<\/a><\/p>\t\t\t\t\t\t\t\t<\/div>\n\t\t\t\t<\/div>\n\t\t\t\t<div class=\"elementor-element elementor-element-de842d5 e-transform elementor-widget elementor-widget-html\" data-id=\"de842d5\" data-element_type=\"widget\" data-settings=\"{&quot;_transform_scale_effect&quot;:{&quot;unit&quot;:&quot;px&quot;,&quot;size&quot;:1.3,&quot;sizes&quot;:[]},&quot;_transform_scale_effect_tablet&quot;:{&quot;unit&quot;:&quot;px&quot;,&quot;size&quot;:&quot;&quot;,&quot;sizes&quot;:[]},&quot;_transform_scale_effect_mobile&quot;:{&quot;unit&quot;:&quot;px&quot;,&quot;size&quot;:&quot;&quot;,&quot;sizes&quot;:[]}}\" interface=\"Onoff Business\" data-widget_type=\"html.default\">\n\t\t\t\t<div class=\"elementor-widget-container\">\n\t\t\t\t\t<div style=\"text-align:center;\"><img decoding=\"async\" style=\"margin:auto;\" src=\"https:\/\/welcome.onoffbusiness.com\/hubfs\/Features\/macbook.png\" srcset=\"https:\/\/welcome.onoffbusiness.com\/hubfs\/Features\/macbook.png 2x\"title=\"interface_administration\"alt=\"interface_administration\"><\/div>\t\t\t\t<\/div>\n\t\t\t\t<\/div>\n\t\t\t\t\t<\/div>\n\t\t<\/div>\n\t\t\t\t<div class=\"elementor-column elementor-col-50 elementor-top-column elementor-element elementor-element-156829d\" data-id=\"156829d\" data-element_type=\"column\" data-settings=\"{&quot;background_background&quot;:&quot;classic&quot;}\">\n\t\t\t<div class=\"elementor-widget-wrap elementor-element-populated\">\n\t\t\t\t\t\t<div class=\"elementor-element elementor-element-c81c964 elementor-widget elementor-widget-heading\" data-id=\"c81c964\" data-element_type=\"widget\" data-widget_type=\"heading.default\">\n\t\t\t\t<div class=\"elementor-widget-container\">\n\t\t\t\t\t<h2 class=\"elementor-heading-title elementor-size-default\">Fonctionnalit\u00e9s de l'application mobile et web<\/h2>\t\t\t\t<\/div>\n\t\t\t\t<\/div>\n\t\t\t\t<div class=\"elementor-element elementor-element-54c7c51 elementor-widget elementor-widget-text-editor\" data-id=\"54c7c51\" data-element_type=\"widget\" data-widget_type=\"text-editor.default\">\n\t\t\t\t<div class=\"elementor-widget-container\">\n\t\t\t\t\t\t\t\t\t<p>D\u00e9couvrez nos applications sur mobile et web, l&#8217;envoi de SMS ou de MMS, l&#8217;envoi de notes vocales&#8230; et d&#8217;autres fonctionnalit\u00e9s qui facilitent vos communications pros !<\/p>\t\t\t\t\t\t\t\t<\/div>\n\t\t\t\t<\/div>\n\t\t\t\t<div class=\"elementor-element elementor-element-7562d1d elementor-widget elementor-widget-text-editor\" data-id=\"7562d1d\" data-element_type=\"widget\" data-widget_type=\"text-editor.default\">\n\t\t\t\t<div class=\"elementor-widget-container\">\n\t\t\t\t\t\t\t\t\t<p><a style=\"color: #2dd08c;\" href=\"https:\/\/business.onoff.app\/fr\/fonctionnalites\/applications\">D\u00e9couvrir &gt;<\/a><\/p>\t\t\t\t\t\t\t\t<\/div>\n\t\t\t\t<\/div>\n\t\t\t\t<div class=\"elementor-element elementor-element-f1b87c7 e-transform elementor-widget elementor-widget-html\" data-id=\"f1b87c7\" data-element_type=\"widget\" data-settings=\"{&quot;_transform_scale_effect&quot;:{&quot;unit&quot;:&quot;px&quot;,&quot;size&quot;:1.5,&quot;sizes&quot;:[]},&quot;_transform_scale_effect_tablet&quot;:{&quot;unit&quot;:&quot;px&quot;,&quot;size&quot;:&quot;&quot;,&quot;sizes&quot;:[]},&quot;_transform_scale_effect_mobile&quot;:{&quot;unit&quot;:&quot;px&quot;,&quot;size&quot;:&quot;&quot;,&quot;sizes&quot;:[]}}\" application=\"Onoff Business\" data-widget_type=\"html.default\">\n\t\t\t\t<div class=\"elementor-widget-container\">\n\t\t\t\t\t<div style=\"text-align:center;\"><img decoding=\"async\" style=\"margin:auto;\" src=\"https:\/\/welcome.onoffbusiness.com\/hubfs\/Features\/Application%20mobile%20et%20web%20Onoff%20Business.png\" srcset=\"https:\/\/welcome.onoffbusiness.com\/hubfs\/Features\/Application%20mobile%20et%20web%20Onoff%20Business.png 2x\"title=\"application\"alt=\"application\"><\/div>\t\t\t\t<\/div>\n\t\t\t\t<\/div>\n\t\t\t\t\t<\/div>\n\t\t<\/div>\n\t\t\t\t\t<\/div>\n\t\t<\/section>\n\t\t\t\t<section class=\"elementor-section elementor-top-section elementor-element elementor-element-644515b elementor-section-boxed elementor-section-height-default elementor-section-height-default wpr-particle-no wpr-jarallax-no wpr-parallax-no wpr-sticky-section-no\" data-id=\"644515b\" data-element_type=\"section\" data-settings=\"{&quot;background_background&quot;:&quot;classic&quot;}\">\n\t\t\t\t\t\t\t<div class=\"elementor-background-overlay\"><\/div>\n\t\t\t\t\t\t\t<div class=\"elementor-container elementor-column-gap-default\">\n\t\t\t\t\t<div class=\"elementor-column elementor-col-100 elementor-top-column elementor-element elementor-element-64a8a79\" data-id=\"64a8a79\" data-element_type=\"column\">\n\t\t\t<div class=\"elementor-widget-wrap elementor-element-populated\">\n\t\t\t\t\t\t<div class=\"elementor-element elementor-element-429c498 elementor-align-center elementor-widget elementor-widget-button\" data-id=\"429c498\" data-element_type=\"widget\" data-widget_type=\"button.default\">\n\t\t\t\t<div class=\"elementor-widget-container\">\n\t\t\t\t\t\t\t\t\t<div class=\"elementor-button-wrapper\">\n\t\t\t\t\t<a class=\"elementor-button elementor-button-link elementor-size-sm\" href=\"https:\/\/welcome.onoffbusiness.com\/demande-de-demo?utm_source=home&#038;utm_medium=CTA&#038;utm_campaign=demo\">\n\t\t\t\t\t\t<span class=\"elementor-button-content-wrapper\">\n\t\t\t\t\t\t\t\t\t<span class=\"elementor-button-text\">Voir la d\u00e9mo<\/span>\n\t\t\t\t\t<\/span>\n\t\t\t\t\t<\/a>\n\t\t\t\t<\/div>\n\t\t\t\t\t\t\t\t<\/div>\n\t\t\t\t<\/div>\n\t\t\t\t\t<\/div>\n\t\t<\/div>\n\t\t\t\t\t<\/div>\n\t\t<\/section>\n\t\t\t\t<section class=\"elementor-section elementor-top-section elementor-element elementor-element-6c8da0a0 elementor-hidden-mobile elementor-section-boxed elementor-section-height-default elementor-section-height-default wpr-particle-no wpr-jarallax-no wpr-parallax-no wpr-sticky-section-no\" data-id=\"6c8da0a0\" data-element_type=\"section\">\n\t\t\t\t\t\t<div class=\"elementor-container elementor-column-gap-default\">\n\t\t\t\t\t<div class=\"elementor-column elementor-col-100 elementor-top-column elementor-element elementor-element-16034362\" data-id=\"16034362\" data-element_type=\"column\">\n\t\t\t<div class=\"elementor-widget-wrap elementor-element-populated\">\n\t\t\t\t\t\t<div class=\"elementor-element elementor-element-dec5ada elementor-widget elementor-widget-spacer\" data-id=\"dec5ada\" data-element_type=\"widget\" data-widget_type=\"spacer.default\">\n\t\t\t\t<div class=\"elementor-widget-container\">\n\t\t\t\t\t\t\t<div class=\"elementor-spacer\">\n\t\t\t<div class=\"elementor-spacer-inner\"><\/div>\n\t\t<\/div>\n\t\t\t\t\t\t<\/div>\n\t\t\t\t<\/div>\n\t\t\t\t\t<\/div>\n\t\t<\/div>\n\t\t\t\t\t<\/div>\n\t\t<\/section>\n\t\t\t\t<\/div>\n\t\t","protected":false},"excerpt":{"rendered":"<p>D\u00e9couvrez toutes les fonctionnalit\u00e9s d\u2019Onoff Business Fonctionnalit\u00e9s Onoff Business : Notre solution de t\u00e9l\u00e9phonie professionnelle avanc\u00e9e Onoff Business, se compose d\u2019une interface d&#8217;administration de num\u00e9ro mobile en ligne et d\u2019une application t\u00e9l\u00e9chargeable sur les portables et utilisable sur le web.\u00a0D\u00e9couvrez la liste de nos fonctionnalit\u00e9s Onoff Business et comparez nos offres. https:\/\/youtu.be\/2l5Eo4YVSv4 Fonctionnalit\u00e9s de l&#8217;interface [&hellip;]<\/p>\n","protected":false},"author":1,"featured_media":7179,"parent":0,"menu_order":0,"comment_status":"closed","ping_status":"closed","template":"","meta":{"content-type":"","footnotes":""},"class_list":["post-2500","page","type-page","status-publish","has-post-thumbnail","hentry"],"yoast_head":"<!-- This site is optimized with the Yoast SEO plugin v25.5 - https:\/\/yoast.com\/wordpress\/plugins\/seo\/ -->\n<title>Fonctionnalit\u00e9s | Onoff Business<\/title>\n<meta name=\"description\" content=\"Fonctionnalit\u00e9s Onoff Business : Enregistrement des appels, int\u00e9gration outils m\u00e9tiers, statistiques, mode On \/ Off, sur mobile ou desktop.\" \/>\n<meta name=\"robots\" content=\"index, follow, max-snippet:-1, max-image-preview:large, max-video-preview:-1\" \/>\n<link rel=\"canonical\" href=\"https:\/\/business.onoff.app\/fr\/fonctionnalites\/\" \/>\n<meta property=\"og:locale\" content=\"fr_FR\" \/>\n<meta property=\"og:type\" content=\"article\" \/>\n<meta property=\"og:title\" content=\"Fonctionnalit\u00e9s | Onoff Business\" \/>\n<meta property=\"og:description\" content=\"Fonctionnalit\u00e9s Onoff Business : Enregistrement des appels, int\u00e9gration outils m\u00e9tiers, statistiques, mode On \/ Off, sur mobile ou desktop.\" \/>\n<meta property=\"og:url\" content=\"https:\/\/business.onoff.app\/fr\/fonctionnalites\/\" \/>\n<meta property=\"article:modified_time\" content=\"2025-03-04T12:58:19+00:00\" \/>\n<meta property=\"og:image\" content=\"https:\/\/business.onoff.app\/wp-content\/uploads\/2024\/06\/Onoff-Business-Integrations-1024x1024.png\" \/>\n\t<meta property=\"og:image:width\" content=\"1024\" \/>\n\t<meta property=\"og:image:height\" content=\"1024\" \/>\n\t<meta property=\"og:image:type\" content=\"image\/png\" \/>\n<meta name=\"twitter:card\" content=\"summary_large_image\" \/>\n<meta name=\"twitter:label1\" content=\"Dur\u00e9e de lecture estim\u00e9e\" \/>\n\t<meta name=\"twitter:data1\" content=\"2 minutes\" \/>\n<script type=\"application\/ld+json\" class=\"yoast-schema-graph\">{\"@context\":\"https:\/\/schema.org\",\"@graph\":[{\"@type\":\"WebPage\",\"@id\":\"https:\/\/business.onoff.app\/fr\/fonctionnalites\/\",\"url\":\"https:\/\/business.onoff.app\/fr\/fonctionnalites\/\",\"name\":\"Fonctionnalit\u00e9s | Onoff Business\",\"isPartOf\":{\"@id\":\"https:\/\/business.onoff.app\/fr\/#website\"},\"primaryImageOfPage\":{\"@id\":\"https:\/\/business.onoff.app\/fr\/fonctionnalites\/#primaryimage\"},\"image\":{\"@id\":\"https:\/\/business.onoff.app\/fr\/fonctionnalites\/#primaryimage\"},\"thumbnailUrl\":\"https:\/\/business.onoff.app\/wp-content\/uploads\/2024\/06\/Onoff-Business-Integrations.png\",\"datePublished\":\"2021-10-21T19:38:26+00:00\",\"dateModified\":\"2025-03-04T12:58:19+00:00\",\"description\":\"Fonctionnalit\u00e9s Onoff Business : Enregistrement des appels, int\u00e9gration outils m\u00e9tiers, statistiques, mode On \/ Off, sur mobile ou desktop.\",\"breadcrumb\":{\"@id\":\"https:\/\/business.onoff.app\/fr\/fonctionnalites\/#breadcrumb\"},\"inLanguage\":\"fr-FR\",\"potentialAction\":[{\"@type\":\"ReadAction\",\"target\":[\"https:\/\/business.onoff.app\/fr\/fonctionnalites\/\"]}]},{\"@type\":\"ImageObject\",\"inLanguage\":\"fr-FR\",\"@id\":\"https:\/\/business.onoff.app\/fr\/fonctionnalites\/#primaryimage\",\"url\":\"https:\/\/business.onoff.app\/wp-content\/uploads\/2024\/06\/Onoff-Business-Integrations.png\",\"contentUrl\":\"https:\/\/business.onoff.app\/wp-content\/uploads\/2024\/06\/Onoff-Business-Integrations.png\",\"width\":1200,\"height\":1200,\"caption\":\"Fonctionnalit\u00e9s Onoff Business\"},{\"@type\":\"BreadcrumbList\",\"@id\":\"https:\/\/business.onoff.app\/fr\/fonctionnalites\/#breadcrumb\",\"itemListElement\":[{\"@type\":\"ListItem\",\"position\":1,\"name\":\"Accueil\",\"item\":\"https:\/\/business.onoff.app\/fr\/\"},{\"@type\":\"ListItem\",\"position\":2,\"name\":\"Fonctionnalit\u00e9s\"}]},{\"@type\":\"WebSite\",\"@id\":\"https:\/\/business.onoff.app\/fr\/#website\",\"url\":\"https:\/\/business.onoff.app\/fr\/\",\"name\":\"\",\"description\":\"\",\"potentialAction\":[{\"@type\":\"SearchAction\",\"target\":{\"@type\":\"EntryPoint\",\"urlTemplate\":\"https:\/\/business.onoff.app\/fr\/?s={search_term_string}\"},\"query-input\":{\"@type\":\"PropertyValueSpecification\",\"valueRequired\":true,\"valueName\":\"search_term_string\"}}],\"inLanguage\":\"fr-FR\"}]}<\/script>\n<!-- \/ Yoast SEO plugin. -->","yoast_head_json":{"title":"Fonctionnalit\u00e9s | Onoff Business","description":"Fonctionnalit\u00e9s Onoff Business : Enregistrement des appels, int\u00e9gration outils m\u00e9tiers, statistiques, mode On \/ Off, sur mobile ou desktop.","robots":{"index":"index","follow":"follow","max-snippet":"max-snippet:-1","max-image-preview":"max-image-preview:large","max-video-preview":"max-video-preview:-1"},"canonical":"https:\/\/business.onoff.app\/fr\/fonctionnalites\/","og_locale":"fr_FR","og_type":"article","og_title":"Fonctionnalit\u00e9s | Onoff Business","og_description":"Fonctionnalit\u00e9s Onoff Business : Enregistrement des appels, int\u00e9gration outils m\u00e9tiers, statistiques, mode On \/ Off, sur mobile ou desktop.","og_url":"https:\/\/business.onoff.app\/fr\/fonctionnalites\/","article_modified_time":"2025-03-04T12:58:19+00:00","og_image":[{"width":1024,"height":1024,"url":"https:\/\/business.onoff.app\/wp-content\/uploads\/2024\/06\/Onoff-Business-Integrations-1024x1024.png","type":"image\/png"}],"twitter_card":"summary_large_image","twitter_misc":{"Dur\u00e9e de lecture estim\u00e9e":"2 minutes"},"schema":{"@context":"https:\/\/schema.org","@graph":[{"@type":"WebPage","@id":"https:\/\/business.onoff.app\/fr\/fonctionnalites\/","url":"https:\/\/business.onoff.app\/fr\/fonctionnalites\/","name":"Fonctionnalit\u00e9s | Onoff Business","isPartOf":{"@id":"https:\/\/business.onoff.app\/fr\/#website"},"primaryImageOfPage":{"@id":"https:\/\/business.onoff.app\/fr\/fonctionnalites\/#primaryimage"},"image":{"@id":"https:\/\/business.onoff.app\/fr\/fonctionnalites\/#primaryimage"},"thumbnailUrl":"https:\/\/business.onoff.app\/wp-content\/uploads\/2024\/06\/Onoff-Business-Integrations.png","datePublished":"2021-10-21T19:38:26+00:00","dateModified":"2025-03-04T12:58:19+00:00","description":"Fonctionnalit\u00e9s Onoff Business : Enregistrement des appels, int\u00e9gration outils m\u00e9tiers, statistiques, mode On \/ Off, sur mobile ou desktop.","breadcrumb":{"@id":"https:\/\/business.onoff.app\/fr\/fonctionnalites\/#breadcrumb"},"inLanguage":"fr-FR","potentialAction":[{"@type":"ReadAction","target":["https:\/\/business.onoff.app\/fr\/fonctionnalites\/"]}]},{"@type":"ImageObject","inLanguage":"fr-FR","@id":"https:\/\/business.onoff.app\/fr\/fonctionnalites\/#primaryimage","url":"https:\/\/business.onoff.app\/wp-content\/uploads\/2024\/06\/Onoff-Business-Integrations.png","contentUrl":"https:\/\/business.onoff.app\/wp-content\/uploads\/2024\/06\/Onoff-Business-Integrations.png","width":1200,"height":1200,"caption":"Fonctionnalit\u00e9s Onoff Business"},{"@type":"BreadcrumbList","@id":"https:\/\/business.onoff.app\/fr\/fonctionnalites\/#breadcrumb","itemListElement":[{"@type":"ListItem","position":1,"name":"Accueil","item":"https:\/\/business.onoff.app\/fr\/"},{"@type":"ListItem","position":2,"name":"Fonctionnalit\u00e9s"}]},{"@type":"WebSite","@id":"https:\/\/business.onoff.app\/fr\/#website","url":"https:\/\/business.onoff.app\/fr\/","name":"","description":"","potentialAction":[{"@type":"SearchAction","target":{"@type":"EntryPoint","urlTemplate":"https:\/\/business.onoff.app\/fr\/?s={search_term_string}"},"query-input":{"@type":"PropertyValueSpecification","valueRequired":true,"valueName":"search_term_string"}}],"inLanguage":"fr-FR"}]}},"_links":{"self":[{"href":"https:\/\/business.onoff.app\/fr\/wp-json\/wp\/v2\/pages\/2500","targetHints":{"allow":["GET"]}}],"collection":[{"href":"https:\/\/business.onoff.app\/fr\/wp-json\/wp\/v2\/pages"}],"about":[{"href":"https:\/\/business.onoff.app\/fr\/wp-json\/wp\/v2\/types\/page"}],"author":[{"embeddable":true,"href":"https:\/\/business.onoff.app\/fr\/wp-json\/wp\/v2\/users\/1"}],"replies":[{"embeddable":true,"href":"https:\/\/business.onoff.app\/fr\/wp-json\/wp\/v2\/comments?post=2500"}],"version-history":[{"count":0,"href":"https:\/\/business.onoff.app\/fr\/wp-json\/wp\/v2\/pages\/2500\/revisions"}],"wp:featuredmedia":[{"embeddable":true,"href":"https:\/\/business.onoff.app\/fr\/wp-json\/wp\/v2\/media\/7179"}],"wp:attachment":[{"href":"https:\/\/business.onoff.app\/fr\/wp-json\/wp\/v2\/media?parent=2500"}],"curies":[{"name":"wp","href":"https:\/\/api.w.org\/{rel}","templated":true}]}}